{"id":1109,"date":"2022-06-17T19:32:04","date_gmt":"2022-06-17T23:32:04","guid":{"rendered":"https:\/\/ssenc.sendittoweb.com\/?page_id=1109"},"modified":"2024-07-28T15:17:10","modified_gmt":"2024-07-28T19:17:10","slug":"projet-sur-lheritage-de-la-guerre-de-coree","status":"publish","type":"page","link":"https:\/\/ssencressc.ca\/fr\/les-publications\/projet-sur-lheritage-de-la-guerre-de-coree\/","title":{"rendered":"Le Canada \u00e0 la guerre de Cor\u00e9e"},"content":{"rendered":"<p>[et_pb_section fb_built=\u00a0\u00bb1&Prime; custom_padding_last_edited=\u00a0\u00bbon|desktop\u00a0\u00bb _builder_version=\u00a0\u00bb4.17.4&Prime; background_enable_color=\u00a0\u00bboff\u00a0\u00bb background_image=\u00a0\u00bbhttps:\/\/ssencressc.ca\/wp-content\/uploads\/2022\/05\/banner_about.jpg\u00a0\u00bb background_position=\u00a0\u00bbtop_center\u00a0\u00bb height=\u00a0\u00bb250px\u00a0\u00bb custom_padding=\u00a0\u00bb50px||50px||false|false\u00a0\u00bb custom_padding_tablet=\u00a0\u00bb0px||0px||true|false\u00a0\u00bb custom_padding_phone=\u00a0\u00bb0px||0px||true|false\u00a0\u00bb da_disable_devices=\u00a0\u00bboff|off|off\u00a0\u00bb global_colors_info=\u00a0\u00bb{}\u00a0\u00bb da_is_popup=\u00a0\u00bboff\u00a0\u00bb da_exit_intent=\u00a0\u00bboff\u00a0\u00bb da_has_close=\u00a0\u00bbon\u00a0\u00bb da_alt_close=\u00a0\u00bboff\u00a0\u00bb da_dark_close=\u00a0\u00bboff\u00a0\u00bb da_not_modal=\u00a0\u00bbon\u00a0\u00bb da_is_singular=\u00a0\u00bboff\u00a0\u00bb da_with_loader=\u00a0\u00bboff\u00a0\u00bb da_has_shadow=\u00a0\u00bbon\u00a0\u00bb][et_pb_row _builder_version=\u00a0\u00bb4.16&Prime; background_size=\u00a0\u00bbinitial\u00a0\u00bb background_position=\u00a0\u00bbtop_left\u00a0\u00bb background_repeat=\u00a0\u00bbrepeat\u00a0\u00bb global_colors_info=\u00a0\u00bb{}\u00a0\u00bb][et_pb_column type=\u00a0\u00bb4_4&Prime; _builder_version=\u00a0\u00bb4.16&Prime; custom_padding=\u00a0\u00bb|||\u00a0\u00bb global_colors_info=\u00a0\u00bb{}\u00a0\u00bb custom_padding__hover=\u00a0\u00bb|||\u00a0\u00bb][et_pb_text admin_label=\u00a0\u00bbPage Title\u00a0\u00bb _builder_version=\u00a0\u00bb4.21.0&Prime; text_font=\u00a0\u00bb|300|||||||\u00a0\u00bb text_font_size=\u00a0\u00bb44px\u00a0\u00bb header_text_color=\u00a0\u00bb#FFFFFF\u00a0\u00bb header_font_size=\u00a0\u00bb60px\u00a0\u00bb header_2_text_color=\u00a0\u00bb#FFFFFF\u00a0\u00bb background_size=\u00a0\u00bbinitial\u00a0\u00bb background_position=\u00a0\u00bbtop_left\u00a0\u00bb background_repeat=\u00a0\u00bbrepeat\u00a0\u00bb max_width=\u00a0\u00bb100%\u00a0\u00bb max_width_tablet=\u00a0\u00bb100%\u00a0\u00bb max_width_phone=\u00a0\u00bb100%\u00a0\u00bb max_width_last_edited=\u00a0\u00bbon|desktop\u00a0\u00bb custom_margin=\u00a0\u00bb|-270px||||\u00a0\u00bb custom_padding=\u00a0\u00bb||74px|||\u00a0\u00bb header_font_size_tablet=\u00a0\u00bb50px\u00a0\u00bb header_font_size_phone=\u00a0\u00bb40px\u00a0\u00bb header_font_size_last_edited=\u00a0\u00bbon|phone\u00a0\u00bb global_colors_info=\u00a0\u00bb{}\u00a0\u00bb]<\/p>\n<p><span style=\"color: #f7f7f7;\"><strong>La participation du Canada \u00e0 la guerre de Cor\u00e9e :<\/strong><\/span><\/p>\n<p><span style=\"color: #f7f7f7;\">Enqu\u00eate, pens\u00e9e historique et action<\/span><\/p>\n<p>[\/et_pb_text][\/et_pb_column][\/et_pb_row][\/et_pb_section][et_pb_section fb_built=\u00a0\u00bb1&Prime; module_id=\u00a0\u00bbhistory\u00a0\u00bb _builder_version=\u00a0\u00bb4.21.0&Prime; _module_preset=\u00a0\u00bbdefault\u00a0\u00bb custom_padding=\u00a0\u00bb0px||||false|false\u00a0\u00bb da_disable_devices=\u00a0\u00bboff|off|off\u00a0\u00bb global_colors_info=\u00a0\u00bb{}\u00a0\u00bb da_is_popup=\u00a0\u00bboff\u00a0\u00bb da_exit_intent=\u00a0\u00bboff\u00a0\u00bb da_has_close=\u00a0\u00bbon\u00a0\u00bb da_alt_close=\u00a0\u00bboff\u00a0\u00bb da_dark_close=\u00a0\u00bboff\u00a0\u00bb da_not_modal=\u00a0\u00bbon\u00a0\u00bb da_is_singular=\u00a0\u00bboff\u00a0\u00bb da_with_loader=\u00a0\u00bboff\u00a0\u00bb da_has_shadow=\u00a0\u00bbon\u00a0\u00bb][et_pb_row column_structure=\u00a0\u00bb1_2,1_2&Prime; _builder_version=\u00a0\u00bb4.17.4&Prime; _module_preset=\u00a0\u00bbdefault\u00a0\u00bb global_colors_info=\u00a0\u00bb{}\u00a0\u00bb][et_pb_column type=\u00a0\u00bb1_2&Prime; _builder_version=\u00a0\u00bb4.17.4&Prime; _module_preset=\u00a0\u00bbdefault\u00a0\u00bb global_colors_info=\u00a0\u00bb{}\u00a0\u00bb][et_pb_text admin_label=\u00a0\u00bbIntro\u00a0\u00bb _builder_version=\u00a0\u00bb4.26.0&Prime; _module_preset=\u00a0\u00bbdefault\u00a0\u00bb custom_padding=\u00a0\u00bb||0px|||\u00a0\u00bb global_colors_info=\u00a0\u00bb{}\u00a0\u00bb]<\/p>\n<p>Apprenez \u00e0 conna\u00eetre nos histoires communes et aidez vos \u00e9l\u00e8ves \u00e0 jeter des ponts \u00e0 travers le Canada et le monde gr\u00e2ce \u00e0 ces enqu\u00eates novatrices sur la guerre de Cor\u00e9e \u00e9labor\u00e9es par des enseignants pour des salles de classe canadiennes.<\/p>\n<p>Les enqu\u00eates comprennent toutes les sources primaires et secondaires dont les \u00e9l\u00e8ves ont besoin pour s\u2019engager dans les questions centrales \u00e0 travers une s\u00e9rie de t\u00e2ches formatives et comprennent des t\u00e2ches compl\u00e9mentaires pour aider les \u00e9l\u00e8ves \u00e0 excercer leur citoyennet\u00e9 dans leurs \u00e9coles ou dans leurs communaut\u00e9s respectives.<\/p>\n<p>[\/et_pb_text][et_pb_video src=\u00a0\u00bbhttps:\/\/youtu.be\/m4kSzUH3IJY?si=vkRYCEBQdUjBYnJf\u00a0\u00bb _builder_version=\u00a0\u00bb4.26.0&Prime; _module_preset=\u00a0\u00bbdefault\u00a0\u00bb global_colors_info=\u00a0\u00bb{}\u00a0\u00bb][\/et_pb_video][et_pb_text admin_label=\u00a0\u00bbLessons online text\u00a0\u00bb _builder_version=\u00a0\u00bb4.26.0&Prime; _module_preset=\u00a0\u00bbdefault\u00a0\u00bb custom_padding=\u00a0\u00bb||0px|||\u00a0\u00bb global_colors_info=\u00a0\u00bb{}\u00a0\u00bb]<\/p>\n<p>Les le\u00e7ons sont disponibles en ligne en fran\u00e7ais et en anglais pour les enseignants \u00e0 travers le Canada.<\/p>\n<p>[\/et_pb_text][et_pb_image src=\u00a0\u00bbhttps:\/\/ssencressc.ca\/wp-content\/uploads\/2024\/06\/Korean-War-coer-FR-1-scaled-1.jpg\u00a0\u00bb title_text=\u00a0\u00bbKorean-War-coer-FR-1-scaled\u00a0\u00bb admin_label=\u00a0\u00bbBook\u00a0\u00bb _builder_version=\u00a0\u00bb4.25.2&Prime; _module_preset=\u00a0\u00bbdefault\u00a0\u00bb global_colors_info=\u00a0\u00bb{}\u00a0\u00bb][\/et_pb_image][\/et_pb_column][et_pb_column type=\u00a0\u00bb1_2&Prime; _builder_version=\u00a0\u00bb4.17.4&Prime; _module_preset=\u00a0\u00bbdefault\u00a0\u00bb global_colors_info=\u00a0\u00bb{}\u00a0\u00bb][et_pb_text admin_label=\u00a0\u00bbElementary\u00a0\u00bb _builder_version=\u00a0\u00bb4.21.0&Prime; _module_preset=\u00a0\u00bbdefault\u00a0\u00bb global_colors_info=\u00a0\u00bb{}\u00a0\u00bb]<\/p>\n<h2><\/h2>\n<h2>Enqu\u00eate pour les \u00e9l\u00e8ves de primaire :<\/h2>\n<p><b><img loading=\"lazy\" decoding=\"async\" class=\"wp-image-2845  alignleft\" style=\"color: #666666; font-weight: 500;\" src=\"https:\/\/ssencressc.ca\/wp-content\/uploads\/2023\/07\/Lesson-1-300x215.jpg\" alt=\"\" width=\"98\" height=\"70\" \/><\/b><b><\/b><\/p>\n<p><b><a href=\"https:\/\/docs.google.com\/document\/d\/1UdLr5el5KHnwkhPfKs5SkxsRM6USzhRR\/edit?usp=sharing&amp;ouid=111873961996509411074&amp;rtpof=true&amp;sd=true\" target=\"_blank\" rel=\"noopener\"><strong>Quelle est la meilleure fa\u00e7on de me souvenir de la guerre de Cor\u00e9e ?<\/strong><\/a><\/b><b><\/b><\/p>\n<h2>\u00a0<\/h2>\n<h2 style=\"text-align: left;\">Enqu\u00eate pour les \u00e9l\u00e8ves d&rsquo;\u00e9cole interm\u00e9diaire :<\/h2>\n<p>&nbsp;<\/p>\n<p><a href=\"https:\/\/docs.google.com\/document\/d\/1Dm5OgZsdzX5AHggRt4oCf66g04HdWMFt\/edit?usp=drive_link&amp;ouid=111873961996509411074&amp;rtpof=true&amp;sd=true\" target=\"_blank\" rel=\"noopener\"><img loading=\"lazy\" decoding=\"async\" class=\"wp-image-2843  alignleft\" src=\"https:\/\/ssencressc.ca\/wp-content\/uploads\/2023\/07\/Lesson-2-300x237.jpg\" alt=\"\" width=\"96\" height=\"76\" \/><\/a><\/p>\n<p><a href=\"https:\/\/docs.google.com\/document\/d\/1xx4-QgwUBRN4nHdVpCNQj6G0ftdmOWiC\/edit?usp=sharing&amp;ouid=111873961996509411074&amp;rtpof=true&amp;sd=true\" target=\"_blank\" rel=\"noopener\"><strong>Que nous disent diff\u00e9rentes histoires sur la guerre de Cor\u00e9e ?<\/strong><\/a><\/p>\n<p><strong><\/strong><\/p>\n<p>[\/et_pb_text][et_pb_text admin_label=\u00a0\u00bbSecondary\u00a0\u00bb _builder_version=\u00a0\u00bb4.21.0&Prime; _module_preset=\u00a0\u00bbdefault\u00a0\u00bb min_height=\u00a0\u00bb408.4px\u00a0\u00bb global_colors_info=\u00a0\u00bb{}\u00a0\u00bb]<\/p>\n<h2>Enqu\u00eates pour les \u00e9l\u00e8ves de secondaire<\/h2>\n<p><a href=\"https:\/\/docs.google.com\/document\/d\/1VS7sZ-hRM67RPlDwDsi0I-SamhakzSK3\/edit?usp=share_link&amp;ouid=111873961996509411074&amp;rtpof=true&amp;sd=true\" target=\"_blank\" rel=\"noopener\"><strong><img loading=\"lazy\" decoding=\"async\" class=\"wp-image-2841  alignleft\" src=\"https:\/\/ssencressc.ca\/wp-content\/uploads\/2023\/07\/Lesson-3-300x244.jpg\" alt=\"\" width=\"100\" height=\"81\" \/><\/strong><\/a><\/p>\n<p><a href=\"https:\/\/docs.google.com\/document\/d\/1dmhJcgnzZuCxprxajmwHqTr8LfuDM08j\/edit?usp=sharing&amp;ouid=111873961996509411074&amp;rtpof=true&amp;sd=true\" target=\"_blank\" rel=\"noopener external noreferrer\" data-wpel-link=\"external\"><strong>Quelle a \u00e9t\u00e9 l\u2019importance de la guerre de Cor\u00e9e pour les Canadiens fran\u00e7ais ?<\/strong><\/a><\/p>\n<p>&nbsp;<\/p>\n<p>\u00a0<a href=\"https:\/\/docs.google.com\/document\/d\/1BgQUlkg5GBxgKOjwoHEG54ihUzVOwSn3\/edit?usp=share_link&amp;ouid=111873961996509411074&amp;rtpof=true&amp;sd=true\" target=\"_blank\" rel=\"noopener\"><img loading=\"lazy\" decoding=\"async\" class=\"wp-image-2838  alignleft\" src=\"https:\/\/ssencressc.ca\/wp-content\/uploads\/2023\/07\/Lesson-4-300x179.jpg\" alt=\"\" width=\"107\" height=\"64\" \/><\/a><\/p>\n<p><a href=\"https:\/\/docs.google.com\/document\/d\/1SXzVz8mmRIAwi276aw39mDo60ltQ9ulH\/edit?usp=sharing&amp;ouid=111873961996509411074&amp;rtpof=true&amp;sd=true\" target=\"_blank\" rel=\"noopener external noreferrer\" data-wpel-link=\"external\"><strong>La paix est-elle possible en Cor\u00e9e ?<\/strong><\/a><\/p>\n<p>&nbsp;<\/p>\n<p><a href=\"https:\/\/docs.google.com\/document\/d\/1ILhxo59MxQAkZa7YleqUZYWubeYYxLA8\/edit?usp=share_link&amp;ouid=111873961996509411074&amp;rtpof=true&amp;sd=true\" target=\"_blank\" rel=\"noopener\"><strong><img loading=\"lazy\" decoding=\"async\" class=\"wp-image-2836  alignleft\" src=\"https:\/\/ssencressc.ca\/wp-content\/uploads\/2023\/07\/Lesson-5-207x300.jpg\" alt=\"\" width=\"67\" height=\"97\" srcset=\"https:\/\/ssencressc.ca\/wp-content\/uploads\/2023\/07\/Lesson-5-207x300.jpg 207w, https:\/\/ssencressc.ca\/wp-content\/uploads\/2023\/07\/Lesson-5.jpg 441w\" sizes=\"(max-width: 67px) 100vw, 67px\" \/><\/strong><\/a><\/p>\n<p><a href=\"https:\/\/docs.google.com\/document\/d\/1ggc9ZwXj2WILqUqjvlwnO_o2gY0fLLY4\/edit?usp=sharing&amp;ouid=111873961996509411074&amp;rtpof=true&amp;sd=true\" target=\"_blank\" rel=\"noopener external noreferrer\" data-wpel-link=\"external\"><strong>La participation du Canada \u00e0 la guerre de Cor\u00e9e a-t-elle \u00e9t\u00e9 un succ\u00e8s ?<\/strong><\/a><\/p>\n<p>[\/et_pb_text][et_pb_divider _builder_version=\u00a0\u00bb4.17.4&Prime; _module_preset=\u00a0\u00bbdefault\u00a0\u00bb use_background_color_gradient=\u00a0\u00bbon\u00a0\u00bb background_color_gradient_direction=\u00a0\u00bb90deg\u00a0\u00bb background_color_gradient_stops=\u00a0\u00bb#92278f 0%|#2279bd 100%\u00a0\u00bb height=\u00a0\u00bb8px\u00a0\u00bb custom_padding=\u00a0\u00bb0px||0px||false|false\u00a0\u00bb border_radii=\u00a0\u00bbon|10px|10px|10px|10px\u00a0\u00bb global_colors_info=\u00a0\u00bb{}\u00a0\u00bb theme_builder_area=\u00a0\u00bbpost_content\u00a0\u00bb][\/et_pb_divider][et_pb_text admin_label=\u00a0\u00bbVAC order text\u00a0\u00bb _builder_version=\u00a0\u00bb4.26.0&Prime; _module_preset=\u00a0\u00bbdefault\u00a0\u00bb global_colors_info=\u00a0\u00bb{}\u00a0\u00bb]<\/p>\n<p><span style=\"font-weight: 400;\">Gr\u00e2ce \u00e0 Anciens Combattants Canada, vous pouvez maintenant commander une copie imprim\u00e9e du guide d\u2019enseignement et la faire livrer \u00e0 votre \u00e9cole.<\/span><\/p>\n<p>[\/et_pb_text][et_pb_button button_url=\u00a0\u00bbhttps:\/\/crorders-commandescss.vac-acc.gc.ca\/croos\/items\/index?category=EducationKits&#038;request_locale=fr\u00a0\u00bb url_new_window=\u00a0\u00bbon\u00a0\u00bb button_text=\u00a0\u00bbCommander la ressource imprim\u00e9e\u00a0\u00bb button_alignment=\u00a0\u00bbcenter\u00a0\u00bb admin_label=\u00a0\u00bbVAC button\u00a0\u00bb _builder_version=\u00a0\u00bb4.26.0&Prime; _module_preset=\u00a0\u00bbdefault\u00a0\u00bb global_colors_info=\u00a0\u00bb{}\u00a0\u00bb][\/et_pb_button][et_pb_divider _builder_version=\u00a0\u00bb4.17.4&Prime; _module_preset=\u00a0\u00bbdefault\u00a0\u00bb use_background_color_gradient=\u00a0\u00bbon\u00a0\u00bb background_color_gradient_direction=\u00a0\u00bb90deg\u00a0\u00bb background_color_gradient_stops=\u00a0\u00bb#92278f 0%|#2279bd 100%\u00a0\u00bb height=\u00a0\u00bb8px\u00a0\u00bb custom_padding=\u00a0\u00bb0px||0px||false|false\u00a0\u00bb border_radii=\u00a0\u00bbon|10px|10px|10px|10px\u00a0\u00bb global_colors_info=\u00a0\u00bb{}\u00a0\u00bb theme_builder_area=\u00a0\u00bbpost_content\u00a0\u00bb][\/et_pb_divider][et_pb_text admin_label=\u00a0\u00bbPartenaires\u00a0\u00bb _builder_version=\u00a0\u00bb4.25.2&Prime; _module_preset=\u00a0\u00bbdefault\u00a0\u00bb global_colors_info=\u00a0\u00bb{}\u00a0\u00bb]<\/p>\n<p>Ce projet n\u2019aurait pas \u00e9t\u00e9 possible sans le soutien g\u00e9n\u00e9reux de nos nombreux partenaires, notamment :<\/p>\n<p>&nbsp;<\/p>\n<ul>\n<li><a href=\"https:\/\/koreanwarlegacy.org\/\" target=\"_blank\" rel=\"noopener external noreferrer\" data-wpel-link=\"external\">The Korean War Legacy Foundation<\/a>\u00a0(La Fondation de l\u2019h\u00e9ritage de la guerre de Cor\u00e9e)<\/li>\n<li><a href=\"https:\/\/www.mpva.go.kr\/english\/index.do\" target=\"_blank\" rel=\"noopener external noreferrer\" data-wpel-link=\"external\">Le minist\u00e8re des Patriotes et des Anciens combattants<\/a>\u00a0(R\u00e9publique de Cor\u00e9e)<\/li>\n<li>La s\u00e9natrice Yonah Martin<\/li>\n<li>L\u2019Association canadienne des v\u00e9t\u00e9rans de la guerre de Cor\u00e9e<\/li>\n<li><a href=\"https:\/\/c3teachers.org\/\" target=\"_blank\" rel=\"noopener external noreferrer\" data-wpel-link=\"external\">C3 Teachers<\/a><\/li>\n<li><a href=\"https:\/\/www.aks.ac.kr\/ikorea\/index.do?lang=frn\" target=\"_blank\" rel=\"noopener external noreferrer\" data-wpel-link=\"external\">L\u2019Acad\u00e9mie des \u00e9tudes cor\u00e9ennes<\/a><\/li>\n<li>L\u2019ambassade de la R\u00e9publique de Cor\u00e9e au Canada<\/li>\n<li>Le gouvernement du Canada<\/li>\n<\/ul>\n<p>[\/et_pb_text][\/et_pb_column][\/et_pb_row][et_pb_row _builder_version=\u00a0\u00bb4.19.1&Prime; _module_preset=\u00a0\u00bbdefault\u00a0\u00bb collapsed=\u00a0\u00bboff\u00a0\u00bb global_colors_info=\u00a0\u00bb{}\u00a0\u00bb][et_pb_column type=\u00a0\u00bb4_4&Prime; _builder_version=\u00a0\u00bb4.19.1&Prime; _module_preset=\u00a0\u00bbdefault\u00a0\u00bb global_colors_info=\u00a0\u00bb{}\u00a0\u00bb][et_pb_divider _builder_version=\u00a0\u00bb4.17.4&Prime; _module_preset=\u00a0\u00bbdefault\u00a0\u00bb use_background_color_gradient=\u00a0\u00bbon\u00a0\u00bb background_color_gradient_direction=\u00a0\u00bb90deg\u00a0\u00bb background_color_gradient_stops=\u00a0\u00bb#92278f 0%|#2279bd 100%\u00a0\u00bb height=\u00a0\u00bb8px\u00a0\u00bb custom_padding=\u00a0\u00bb0px||0px||false|false\u00a0\u00bb border_radii=\u00a0\u00bbon|10px|10px|10px|10px\u00a0\u00bb global_colors_info=\u00a0\u00bb{}\u00a0\u00bb theme_builder_area=\u00a0\u00bbpost_content\u00a0\u00bb][\/et_pb_divider][et_pb_button button_url=\u00a0\u00bbhttps:\/\/ohassta-aesho.education\/canada-korea-le-canada-et-la-coree\/\u00a0\u00bb url_new_window=\u00a0\u00bbon\u00a0\u00bb button_text=\u00a0\u00bbRessources de l&rsquo;AESHO\u00a0\u00bb admin_label=\u00a0\u00bbAESHO button\u00a0\u00bb _builder_version=\u00a0\u00bb4.26.0&Prime; _module_preset=\u00a0\u00bb298818ca-968c-4517-afbd-a93024bb110c\u00a0\u00bb global_colors_info=\u00a0\u00bb{}\u00a0\u00bb][\/et_pb_button][et_pb_text admin_label=\u00a0\u00bbAESHO text\u00a0\u00bb _builder_version=\u00a0\u00bb4.26.0&Prime; _module_preset=\u00a0\u00bbdefault\u00a0\u00bb global_colors_info=\u00a0\u00bb{}\u00a0\u00bb]<\/p>\n<p>Acc\u00e9der aux ressources suppl\u00e9mentaires cr\u00e9es par notre association-membre francophone en Ontario, AESHO :<\/p>\n<ul>\n<li>Le\u00e7ons courtes au sujet de la guerre de Cor\u00e9e en fran\u00e7ais et en anglais pour les \u00e9l\u00e8ves en 6e ann\u00e9e et 10e ann\u00e9e.<\/li>\n<li>Ressource pour les \u00e9l\u00e8ves du secondaire :\u00a0<a href=\"https:\/\/ohassta-aesho.education\/wp-content\/uploads\/2021\/11\/Module-2-Developpement-Economique.pdf\" target=\"_blank\" rel=\"noopener\">D\u00e9veloppement \u00c9conomique<\/a> et <a href=\"https:\/\/ohassta-aesho.education\/wp-content\/uploads\/2021\/11\/Module-2.-Economic-Development-in-South-Korea-1.pdf\" target=\"_blank\" rel=\"noopener\">Korea: Economic Development<\/a><\/li>\n<li>Ressource pour les \u00e9l\u00e8ves du secondaire : <a href=\"https:\/\/ohassta-aesho.education\/wp-content\/uploads\/2021\/11\/Module-1.-Democratization-in-South-Korea-1.pdf\" target=\"_blank\" rel=\"noopener\">The History of Democratization in Korea<\/a> (anglais seulement)<\/li>\n<\/ul>\n<p>[\/et_pb_text][et_pb_divider _builder_version=\u00a0\u00bb4.17.4&Prime; _module_preset=\u00a0\u00bbdefault\u00a0\u00bb use_background_color_gradient=\u00a0\u00bbon\u00a0\u00bb background_color_gradient_direction=\u00a0\u00bb90deg\u00a0\u00bb background_color_gradient_stops=\u00a0\u00bb#92278f 0%|#2279bd 100%\u00a0\u00bb height=\u00a0\u00bb8px\u00a0\u00bb custom_padding=\u00a0\u00bb0px||0px||false|false\u00a0\u00bb border_radii=\u00a0\u00bbon|10px|10px|10px|10px\u00a0\u00bb global_colors_info=\u00a0\u00bb{}\u00a0\u00bb theme_builder_area=\u00a0\u00bbpost_content\u00a0\u00bb][\/et_pb_divider][\/et_pb_column][\/et_pb_row][et_pb_row _builder_version=\u00a0\u00bb4.19.1&Prime; _module_preset=\u00a0\u00bbdefault\u00a0\u00bb global_colors_info=\u00a0\u00bb{}\u00a0\u00bb][et_pb_column type=\u00a0\u00bb4_4&Prime; _builder_version=\u00a0\u00bb4.19.1&Prime; _module_preset=\u00a0\u00bbdefault\u00a0\u00bb global_colors_info=\u00a0\u00bb{}\u00a0\u00bb][et_pb_gallery gallery_ids=\u00a0\u00bb1479,1487,1489,1477&Prime; show_pagination=\u00a0\u00bboff\u00a0\u00bb admin_label=\u00a0\u00bbMOU images\u00a0\u00bb _builder_version=\u00a0\u00bb4.19.1&Prime; _module_preset=\u00a0\u00bbdefault\u00a0\u00bb background_color=\u00a0\u00bb#FFFFFF\u00a0\u00bb global_colors_info=\u00a0\u00bb{}\u00a0\u00bb][\/et_pb_gallery][et_pb_heading title=\u00a0\u00bbNouvelles du projet\u00a0\u00bb admin_label=\u00a0\u00bbHeading\u00a0\u00bb _builder_version=\u00a0\u00bb4.24.2&Prime; _module_preset=\u00a0\u00bbdefault\u00a0\u00bb global_colors_info=\u00a0\u00bb{}\u00a0\u00bb][\/et_pb_heading][et_pb_blog fullwidth=\u00a0\u00bboff\u00a0\u00bb posts_number=\u00a0\u00bb12&Prime; include_categories=\u00a0\u00bb973&Prime; show_more=\u00a0\u00bbon\u00a0\u00bb show_author=\u00a0\u00bboff\u00a0\u00bb show_categories=\u00a0\u00bboff\u00a0\u00bb admin_label=\u00a0\u00bbKorean War resource news\u00a0\u00bb _builder_version=\u00a0\u00bb4.24.2&Prime; _module_preset=\u00a0\u00bbdefault\u00a0\u00bb global_colors_info=\u00a0\u00bb{}\u00a0\u00bb][\/et_pb_blog][\/et_pb_column][\/et_pb_row][\/et_pb_section]<\/p>\n","protected":false},"excerpt":{"rendered":"<p>La participation du Canada \u00e0 la guerre de Cor\u00e9e : Enqu\u00eate, pens\u00e9e historique et actionApprenez \u00e0 conna\u00eetre nos histoires communes et aidez vos \u00e9l\u00e8ves \u00e0 jeter des ponts \u00e0 travers le Canada et le monde gr\u00e2ce \u00e0 ces enqu\u00eates novatrices sur la guerre de Cor\u00e9e \u00e9labor\u00e9es par des enseignants pour des salles de classe canadiennes. [&hellip;]<\/p>\n","protected":false},"author":1,"featured_media":3426,"parent":6686,"menu_order":2,"comment_status":"closed","ping_status":"closed","template":"","meta":{"_et_pb_use_builder":"on","_et_pb_old_content":"","_et_gb_content_width":"","_monsterinsights_skip_tracking":false,"_monsterinsights_sitenote_active":false,"_monsterinsights_sitenote_note":"","_monsterinsights_sitenote_category":0,"footnotes":""},"class_list":["post-1109","page","type-page","status-publish","has-post-thumbnail","hentry"],"_links":{"self":[{"href":"https:\/\/ssencressc.ca\/fr\/wp-json\/wp\/v2\/pages\/1109","targetHints":{"allow":["GET"]}}],"collection":[{"href":"https:\/\/ssencressc.ca\/fr\/wp-json\/wp\/v2\/pages"}],"about":[{"href":"https:\/\/ssencressc.ca\/fr\/wp-json\/wp\/v2\/types\/page"}],"author":[{"embeddable":true,"href":"https:\/\/ssencressc.ca\/fr\/wp-json\/wp\/v2\/users\/1"}],"replies":[{"embeddable":true,"href":"https:\/\/ssencressc.ca\/fr\/wp-json\/wp\/v2\/comments?post=1109"}],"version-history":[{"count":41,"href":"https:\/\/ssencressc.ca\/fr\/wp-json\/wp\/v2\/pages\/1109\/revisions"}],"predecessor-version":[{"id":5287,"href":"https:\/\/ssencressc.ca\/fr\/wp-json\/wp\/v2\/pages\/1109\/revisions\/5287"}],"up":[{"embeddable":true,"href":"https:\/\/ssencressc.ca\/fr\/wp-json\/wp\/v2\/pages\/6686"}],"wp:featuredmedia":[{"embeddable":true,"href":"https:\/\/ssencressc.ca\/fr\/wp-json\/wp\/v2\/media\/3426"}],"wp:attachment":[{"href":"https:\/\/ssencressc.ca\/fr\/wp-json\/wp\/v2\/media?parent=1109"}],"curies":[{"name":"wp","href":"https:\/\/api.w.org\/{rel}","templated":true}]}}