{"id":1138,"date":"2022-06-13T21:48:10","date_gmt":"2022-06-14T01:48:10","guid":{"rendered":"https:\/\/ssenc.sendittoweb.com\/?page_id=1138"},"modified":"2024-02-03T16:59:26","modified_gmt":"2024-02-03T21:59:26","slug":"dans-les-manchettes","status":"publish","type":"page","link":"https:\/\/ssencressc.ca\/fr\/les-publications\/dans-les-manchettes\/","title":{"rendered":"Dans les manchettes"},"content":{"rendered":"<p>[et_pb_section fb_built=\u00a0\u00bb1&Prime; custom_padding_last_edited=\u00a0\u00bbon|desktop\u00a0\u00bb _builder_version=\u00a0\u00bb4.17.4&Prime; background_enable_color=\u00a0\u00bboff\u00a0\u00bb background_image=\u00a0\u00bbhttps:\/\/ssencressc.ca\/wp-content\/uploads\/2022\/05\/banner_about.jpg\u00a0\u00bb background_position=\u00a0\u00bbtop_center\u00a0\u00bb height=\u00a0\u00bb250px\u00a0\u00bb custom_padding=\u00a0\u00bb50px||50px||false|false\u00a0\u00bb custom_padding_tablet=\u00a0\u00bb0px||0px||true|false\u00a0\u00bb custom_padding_phone=\u00a0\u00bb0px||0px||true|false\u00a0\u00bb da_disable_devices=\u00a0\u00bboff|off|off\u00a0\u00bb global_colors_info=\u00a0\u00bb{}\u00a0\u00bb da_is_popup=\u00a0\u00bboff\u00a0\u00bb da_exit_intent=\u00a0\u00bboff\u00a0\u00bb da_has_close=\u00a0\u00bbon\u00a0\u00bb da_alt_close=\u00a0\u00bboff\u00a0\u00bb da_dark_close=\u00a0\u00bboff\u00a0\u00bb da_not_modal=\u00a0\u00bbon\u00a0\u00bb da_is_singular=\u00a0\u00bboff\u00a0\u00bb da_with_loader=\u00a0\u00bboff\u00a0\u00bb da_has_shadow=\u00a0\u00bbon\u00a0\u00bb][et_pb_row _builder_version=\u00a0\u00bb4.16&Prime; background_size=\u00a0\u00bbinitial\u00a0\u00bb background_position=\u00a0\u00bbtop_left\u00a0\u00bb background_repeat=\u00a0\u00bbrepeat\u00a0\u00bb global_colors_info=\u00a0\u00bb{}\u00a0\u00bb][et_pb_column type=\u00a0\u00bb4_4&Prime; _builder_version=\u00a0\u00bb4.16&Prime; custom_padding=\u00a0\u00bb|||\u00a0\u00bb global_colors_info=\u00a0\u00bb{}\u00a0\u00bb custom_padding__hover=\u00a0\u00bb|||\u00a0\u00bb][et_pb_text admin_label=\u00a0\u00bbPage Title\u00a0\u00bb _builder_version=\u00a0\u00bb4.17.4&Prime; header_text_color=\u00a0\u00bb#FFFFFF\u00a0\u00bb header_font_size=\u00a0\u00bb60px\u00a0\u00bb background_size=\u00a0\u00bbinitial\u00a0\u00bb background_position=\u00a0\u00bbtop_left\u00a0\u00bb background_repeat=\u00a0\u00bbrepeat\u00a0\u00bb max_width=\u00a0\u00bb69%\u00a0\u00bb max_width_tablet=\u00a0\u00bb100%\u00a0\u00bb max_width_phone=\u00a0\u00bb100%\u00a0\u00bb max_width_last_edited=\u00a0\u00bbon|desktop\u00a0\u00bb header_font_size_tablet=\u00a0\u00bb50px\u00a0\u00bb header_font_size_phone=\u00a0\u00bb40px\u00a0\u00bb header_font_size_last_edited=\u00a0\u00bbon|phone\u00a0\u00bb global_colors_info=\u00a0\u00bb{}\u00a0\u00bb]<\/p>\n<h1>Dans les manchettes<\/h1>\n<p>[\/et_pb_text][\/et_pb_column][\/et_pb_row][\/et_pb_section][et_pb_section fb_built=\u00a0\u00bb1&Prime; module_id=\u00a0\u00bbhistory\u00a0\u00bb _builder_version=\u00a0\u00bb4.17.4&Prime; _module_preset=\u00a0\u00bbdefault\u00a0\u00bb custom_padding=\u00a0\u00bb0px||||false|false\u00a0\u00bb da_disable_devices=\u00a0\u00bboff|off|off\u00a0\u00bb global_colors_info=\u00a0\u00bb{}\u00a0\u00bb da_is_popup=\u00a0\u00bboff\u00a0\u00bb da_exit_intent=\u00a0\u00bboff\u00a0\u00bb da_has_close=\u00a0\u00bbon\u00a0\u00bb da_alt_close=\u00a0\u00bboff\u00a0\u00bb da_dark_close=\u00a0\u00bboff\u00a0\u00bb da_not_modal=\u00a0\u00bbon\u00a0\u00bb da_is_singular=\u00a0\u00bboff\u00a0\u00bb da_with_loader=\u00a0\u00bboff\u00a0\u00bb da_has_shadow=\u00a0\u00bbon\u00a0\u00bb][et_pb_row _builder_version=\u00a0\u00bb4.17.4&Prime; _module_preset=\u00a0\u00bbdefault\u00a0\u00bb global_colors_info=\u00a0\u00bb{}\u00a0\u00bb][et_pb_column type=\u00a0\u00bb4_4&Prime; _builder_version=\u00a0\u00bb4.17.4&Prime; _module_preset=\u00a0\u00bbdefault\u00a0\u00bb global_colors_info=\u00a0\u00bb{}\u00a0\u00bb][et_pb_text admin_label=\u00a0\u00bbLearning about trust\u00a0\u00bb _builder_version=\u00a0\u00bb4.23.1&Prime; _module_preset=\u00a0\u00bbdefault\u00a0\u00bb hover_enabled=\u00a0\u00bb0&Prime; global_colors_info=\u00a0\u00bb{}\u00a0\u00bb sticky_enabled=\u00a0\u00bb0&Prime; disabled_on=\u00a0\u00bbon|on|on\u00a0\u00bb disabled=\u00a0\u00bbon\u00a0\u00bb]<\/p>\n<h2><strong><a href=\"https:\/\/www.cbc.ca\/listen\/live-radio\/1-64-the-house\/clip\/16022515-lest-forget\" target=\"_blank\" rel=\"noopener\">Nous nous souviendrons d&rsquo;eux &#8211; The House avec Catherine Cullen<\/a><\/strong><\/h2>\n<p><em>11 novembre 2023, CBC<\/em><\/p>\n<p>Lucille Lane, 101 ans, ancienne combattante du Service f\u00e9minin de la Marine royale du Canada, lance un appel pour le jour du Souvenir : N&rsquo;oubliez pas le sacrifice. Alors que les anciens combattants des conflits pass\u00e9s sont de moins en moins nombreux \u00e0 partager leurs histoires et que la v\u00e9rit\u00e9 est menac\u00e9e \u00e0 l&rsquo;\u00e8re de la d\u00e9sinformation en ligne, comment sauvegarder notre histoire ? Tim Cook, historien en chef et directeur de la recherche au Mus\u00e9e canadien de la guerre, et <strong>Rachel Collishaw, du R\u00e9seau pour l&rsquo;\u00e9ducation des sciences sociales<\/strong>, se joignent \u00e0 Catherine Cullen pour en discuter.<\/p>\n<p>[\/et_pb_text][et_pb_divider admin_label=\u00a0\u00bbDivider\u00a0\u00bb _builder_version=\u00a0\u00bb4.23.1&Prime; _module_preset=\u00a0\u00bbdefault\u00a0\u00bb global_colors_info=\u00a0\u00bb{}\u00a0\u00bb disabled_on=\u00a0\u00bbon|on|on\u00a0\u00bb disabled=\u00a0\u00bbon\u00a0\u00bb][\/et_pb_divider][et_pb_text admin_label=\u00a0\u00bbJour du souvenir 2023&Prime; _builder_version=\u00a0\u00bb4.23.1&Prime; _module_preset=\u00a0\u00bbdefault\u00a0\u00bb global_colors_info=\u00a0\u00bb{}\u00a0\u00bb]<\/p>\n<h2><strong><a href=\"https:\/\/www.cbc.ca\/listen\/live-radio\/1-64-the-house\/clip\/16022515-lest-forget\" target=\"_blank\" rel=\"noopener\">Nous nous souviendrons d&rsquo;eux &#8211; The House avec Catherine Cullen<\/a><\/strong><\/h2>\n<p><em>11 novembre 2023, CBC<\/em><\/p>\n<p>Lucille Lane, 101 ans, ancienne combattante du Service f\u00e9minin de la Marine royale du Canada, lance un appel pour le jour du Souvenir : N&rsquo;oubliez pas le sacrifice. Alors que les anciens combattants des conflits pass\u00e9s sont de moins en moins nombreux \u00e0 partager leurs histoires et que la v\u00e9rit\u00e9 est menac\u00e9e \u00e0 l&rsquo;\u00e8re de la d\u00e9sinformation en ligne, comment sauvegarder notre histoire ? Tim Cook, historien en chef et directeur de la recherche au Mus\u00e9e canadien de la guerre, et <strong>Rachel Collishaw, du R\u00e9seau pour l&rsquo;\u00e9ducation des sciences sociales<\/strong>, se joignent \u00e0 Catherine Cullen pour en discuter.<\/p>\n<p>[\/et_pb_text][et_pb_divider admin_label=\u00a0\u00bbDivider\u00a0\u00bb _builder_version=\u00a0\u00bb4.23.1&Prime; _module_preset=\u00a0\u00bbdefault\u00a0\u00bb global_colors_info=\u00a0\u00bb{}\u00a0\u00bb][\/et_pb_divider][et_pb_text admin_label=\u00a0\u00bbCanada Day 2021&Prime; _builder_version=\u00a0\u00bb4.23.1&Prime; _module_preset=\u00a0\u00bbdefault\u00a0\u00bb global_colors_info=\u00a0\u00bb{}\u00a0\u00bb]<\/p>\n<h2><strong><a href=\"https:\/\/www.thestar.com\/news\/canada\/2021\/06\/11\/should-canada-day-be-cancelled-london-attack-kamloops-discovery-stir-debate-over-how-to-mark-july-1.html\" target=\"_blank\" rel=\"noopener\">Annuler la f\u00eate du Canada\u00a0: le pour et le contre<\/a><\/strong><\/h2>\n<p><em>Le 11 juin, 2021, Toronto Star<\/em><\/p>\n<p>Les membres du conseil municipal de Victoria ont annonc\u00e9 cette semaine qu\u2019ils ont vot\u00e9 unanimement pour l\u2019annulation de la diffusion virtuelle des c\u00e9l\u00e9brations de la f\u00eate du Canada. Ils encouragent la population \u00e0 r\u00e9fl\u00e9chir \u00e0 ce que signifie \u00ab \u00eatre Canadien \u00e0 la lumi\u00e8re des r\u00e9cents \u00e9v\u00e9nements.\u00a0<\/p>\n<p>[\/et_pb_text][\/et_pb_column][\/et_pb_row][\/et_pb_section]<\/p>\n","protected":false},"excerpt":{"rendered":"<p>Dans les manchettes Nous nous souviendrons d&rsquo;eux &#8211; The House avec Catherine Cullen 11 novembre 2023, CBC Lucille Lane, 101 ans, ancienne combattante du Service f\u00e9minin de la Marine royale du Canada, lance un appel pour le jour du Souvenir : N&rsquo;oubliez pas le sacrifice. Alors que les anciens combattants des conflits pass\u00e9s sont de [&hellip;]<\/p>\n","protected":false},"author":1,"featured_media":0,"parent":6686,"menu_order":7,"comment_status":"closed","ping_status":"closed","template":"","meta":{"_et_pb_use_builder":"on","_et_pb_old_content":"","_et_gb_content_width":"","_monsterinsights_skip_tracking":false,"_monsterinsights_sitenote_active":false,"_monsterinsights_sitenote_note":"","_monsterinsights_sitenote_category":0,"footnotes":""},"class_list":["post-1138","page","type-page","status-publish","hentry"],"_links":{"self":[{"href":"https:\/\/ssencressc.ca\/fr\/wp-json\/wp\/v2\/pages\/1138","targetHints":{"allow":["GET"]}}],"collection":[{"href":"https:\/\/ssencressc.ca\/fr\/wp-json\/wp\/v2\/pages"}],"about":[{"href":"https:\/\/ssencressc.ca\/fr\/wp-json\/wp\/v2\/types\/page"}],"author":[{"embeddable":true,"href":"https:\/\/ssencressc.ca\/fr\/wp-json\/wp\/v2\/users\/1"}],"replies":[{"embeddable":true,"href":"https:\/\/ssencressc.ca\/fr\/wp-json\/wp\/v2\/comments?post=1138"}],"version-history":[{"count":6,"href":"https:\/\/ssencressc.ca\/fr\/wp-json\/wp\/v2\/pages\/1138\/revisions"}],"predecessor-version":[{"id":4141,"href":"https:\/\/ssencressc.ca\/fr\/wp-json\/wp\/v2\/pages\/1138\/revisions\/4141"}],"up":[{"embeddable":true,"href":"https:\/\/ssencressc.ca\/fr\/wp-json\/wp\/v2\/pages\/6686"}],"wp:attachment":[{"href":"https:\/\/ssencressc.ca\/fr\/wp-json\/wp\/v2\/media?parent=1138"}],"curies":[{"name":"wp","href":"https:\/\/api.w.org\/{rel}","templated":true}]}}