{"id":1157,"date":"2022-05-17T12:52:46","date_gmt":"2022-05-17T16:52:46","guid":{"rendered":"https:\/\/ssenc.sendittoweb.com\/?page_id=1157"},"modified":"2024-05-21T12:55:34","modified_gmt":"2024-05-21T16:55:34","slug":"qualite-de-lenseignement-des-sciences-sociales","status":"publish","type":"page","link":"https:\/\/ssencressc.ca\/fr\/rayonnement\/qualite-de-lenseignement-des-sciences-sociales\/","title":{"rendered":"Qualit\u00e9 de l\u2019enseignement des sciences sociales"},"content":{"rendered":"<p>[et_pb_section fb_built=\u00a0\u00bb1&Prime; custom_padding_last_edited=\u00a0\u00bbon|desktop\u00a0\u00bb _builder_version=\u00a0\u00bb4.17.4&Prime; background_enable_color=\u00a0\u00bboff\u00a0\u00bb background_image=\u00a0\u00bbhttps:\/\/ssencressc.ca\/wp-content\/uploads\/2022\/06\/banner_advocacy.jpg\u00a0\u00bb background_position=\u00a0\u00bbtop_center\u00a0\u00bb height=\u00a0\u00bb250px\u00a0\u00bb custom_padding=\u00a0\u00bb50px||50px||false|false\u00a0\u00bb custom_padding_tablet=\u00a0\u00bb0px||0px||true|false\u00a0\u00bb custom_padding_phone=\u00a0\u00bb0px||0px||true|false\u00a0\u00bb da_disable_devices=\u00a0\u00bboff|off|off\u00a0\u00bb global_colors_info=\u00a0\u00bb{}\u00a0\u00bb da_is_popup=\u00a0\u00bboff\u00a0\u00bb da_exit_intent=\u00a0\u00bboff\u00a0\u00bb da_has_close=\u00a0\u00bbon\u00a0\u00bb da_alt_close=\u00a0\u00bboff\u00a0\u00bb da_dark_close=\u00a0\u00bboff\u00a0\u00bb da_not_modal=\u00a0\u00bbon\u00a0\u00bb da_is_singular=\u00a0\u00bboff\u00a0\u00bb da_with_loader=\u00a0\u00bboff\u00a0\u00bb da_has_shadow=\u00a0\u00bbon\u00a0\u00bb][et_pb_row _builder_version=\u00a0\u00bb4.16&Prime; background_size=\u00a0\u00bbinitial\u00a0\u00bb background_position=\u00a0\u00bbtop_left\u00a0\u00bb background_repeat=\u00a0\u00bbrepeat\u00a0\u00bb global_colors_info=\u00a0\u00bb{}\u00a0\u00bb][et_pb_column type=\u00a0\u00bb4_4&Prime; _builder_version=\u00a0\u00bb4.16&Prime; custom_padding=\u00a0\u00bb|||\u00a0\u00bb global_colors_info=\u00a0\u00bb{}\u00a0\u00bb custom_padding__hover=\u00a0\u00bb|||\u00a0\u00bb][et_pb_text admin_label=\u00a0\u00bbAbout\u00a0\u00bb _builder_version=\u00a0\u00bb4.18.0&Prime; header_text_color=\u00a0\u00bb#FFFFFF\u00a0\u00bb header_font_size=\u00a0\u00bb60px\u00a0\u00bb background_size=\u00a0\u00bbinitial\u00a0\u00bb background_position=\u00a0\u00bbtop_left\u00a0\u00bb background_repeat=\u00a0\u00bbrepeat\u00a0\u00bb max_width=\u00a0\u00bb70%\u00a0\u00bb max_width_tablet=\u00a0\u00bb100%\u00a0\u00bb max_width_phone=\u00a0\u00bb100%\u00a0\u00bb max_width_last_edited=\u00a0\u00bbon|desktop\u00a0\u00bb header_font_size_tablet=\u00a0\u00bb50px\u00a0\u00bb header_font_size_phone=\u00a0\u00bb40px\u00a0\u00bb header_font_size_last_edited=\u00a0\u00bbon|phone\u00a0\u00bb global_colors_info=\u00a0\u00bb{}\u00a0\u00bb]<\/p>\n<h1>Qualit\u00e9 de l\u2019enseignement des sciences sociales<\/h1>\n<p>[\/et_pb_text][\/et_pb_column][\/et_pb_row][\/et_pb_section][et_pb_section fb_built=\u00a0\u00bb1&Prime; module_id=\u00a0\u00bbhistory\u00a0\u00bb _builder_version=\u00a0\u00bb4.17.4&Prime; _module_preset=\u00a0\u00bbdefault\u00a0\u00bb custom_padding=\u00a0\u00bb0px||||false|false\u00a0\u00bb da_disable_devices=\u00a0\u00bboff|off|off\u00a0\u00bb global_colors_info=\u00a0\u00bb{}\u00a0\u00bb da_is_popup=\u00a0\u00bboff\u00a0\u00bb da_exit_intent=\u00a0\u00bboff\u00a0\u00bb da_has_close=\u00a0\u00bbon\u00a0\u00bb da_alt_close=\u00a0\u00bboff\u00a0\u00bb da_dark_close=\u00a0\u00bboff\u00a0\u00bb da_not_modal=\u00a0\u00bbon\u00a0\u00bb da_is_singular=\u00a0\u00bboff\u00a0\u00bb da_with_loader=\u00a0\u00bboff\u00a0\u00bb da_has_shadow=\u00a0\u00bbon\u00a0\u00bb][et_pb_row _builder_version=\u00a0\u00bb4.17.4&Prime; _module_preset=\u00a0\u00bbdefault\u00a0\u00bb global_colors_info=\u00a0\u00bb{}\u00a0\u00bb][et_pb_column type=\u00a0\u00bb4_4&Prime; _builder_version=\u00a0\u00bb4.17.4&Prime; _module_preset=\u00a0\u00bbdefault\u00a0\u00bb global_colors_info=\u00a0\u00bb{}\u00a0\u00bb][et_pb_text admin_label=\u00a0\u00bbtitle\u00a0\u00bb _builder_version=\u00a0\u00bb4.18.0&Prime; _module_preset=\u00a0\u00bbdefault\u00a0\u00bb text_font_size=\u00a0\u00bb30px\u00a0\u00bb text_line_height=\u00a0\u00bb1.25em\u00a0\u00bb header_2_text_color=\u00a0\u00bb#2279bd\u00a0\u00bb header_2_font_size=\u00a0\u00bb30px\u00a0\u00bb custom_margin=\u00a0\u00bb||||false|false\u00a0\u00bb global_colors_info=\u00a0\u00bb{}\u00a0\u00bb]<\/p>\n<h2>\u00c9l\u00e9ments pour garantir la qualit\u00e9 de l\u2019enseignement des sciences sociales<\/h2>\n<p>[\/et_pb_text][et_pb_text admin_label=\u00a0\u00bbintro\u00a0\u00bb _builder_version=\u00a0\u00bb4.18.0&Prime; _module_preset=\u00a0\u00bbdefault\u00a0\u00bb global_colors_info=\u00a0\u00bb{}\u00a0\u00bb]<\/p>\n<p>Par sciences sociales, on entend l\u2019\u00e9tude des personnes, de leurs relations entre elles, ainsi qu\u2019au monde qui les entoure. Il s\u2019agit de la mati\u00e8re scolaire qui permet le mieux aux \u00e9l\u00e8ves de d\u00e9velopper des comp\u00e9tences et connaissances qui les aideront \u00e0 devenir des citoyennes et citoyens inform\u00e9s, responsables et engag\u00e9s.<\/p>\n<p>Tandis que chaque province et territoire d\u00e9finit le domaine des sciences sociales \u00e0 sa fa\u00e7on, ces \u00e9nonc\u00e9s repr\u00e9sentent les objectifs globaux de tous les sujets habituellement couverts dans les \u00e9coles primaires et secondaires, que ce soit dans le cadre d\u2019un programme d\u2019\u00e9tudes sociales complet ou de cours distincts enseign\u00e9s \u00e0 diff\u00e9rents niveaux scolaires.<\/p>\n<p>Le SSENC\/RESSC est d\u2019avis que les enseignantes et enseignants doivent recevoir des formations et des soutiens ad\u00e9quats et constants pour enseigner les sciences sociales afin d\u2019aborder les questions p\u00e9dagogiques complexes qui surviennent forcement durant l\u2019apprentissage de cette mati\u00e8re.<\/p>\n<p>[\/et_pb_text][et_pb_text admin_label=\u00a0\u00bb1&Prime; module_class=\u00a0\u00bbread-more\u00a0\u00bb _builder_version=\u00a0\u00bb4.25.1&Prime; _module_preset=\u00a0\u00bb690269b0-e828-47a3-83b6-1384416c1038&Prime; text_font_size=\u00a0\u00bb18px\u00a0\u00bb hover_enabled=\u00a0\u00bb0&Prime; global_colors_info=\u00a0\u00bb{}\u00a0\u00bb sticky_enabled=\u00a0\u00bb0&Prime;]<strong><img loading=\"lazy\" decoding=\"async\" class=\"wp-image-2655  alignleft\" src=\"https:\/\/ssencressc.ca\/wp-content\/uploads\/2023\/06\/team-hands-linked-together-300x200.jpg\" alt=\"multi-cultural hands clasped\" width=\"179\" height=\"119\" data-mce-fragment=\"1\" \/>\u200b\u00a0 L\u2019apprentissage des sciences sociales favorise l\u2019esprit communautaire<\/strong><\/p>\n<p>Lorsque les sciences sociales sont bien enseign\u00e9es, elles favorisent l\u2019esprit communautaire. Elles aident les \u00e9l\u00e8ves \u00e0 valoriser la diversit\u00e9 dans la soci\u00e9t\u00e9 et \u00e0 faire preuve de compassion, d\u2019\u00e9quit\u00e9 et de justice envers les autres. Les enseignantes et enseignants r\u00e9unissent les \u00e9l\u00e8ves en les amenant \u00e0 reconna\u00eetre la valeur de diff\u00e9rents points de vue, et ce, en incluant dans leurs le\u00e7ons les histoires et perspectives diff\u00e9rentes collectivit\u00e9s.<\/p>\n<p>Les enseignantes et enseignants de sciences sociales comp\u00e9tents reconnaissent et soutiennent la diversit\u00e9 en salle de classe comme outil de promotion des droits de la personne et de la justice sociale, tout en aidant les \u00e9l\u00e8ves \u00e0 se soucier des autres. Ils recherchent constamment de multiples points de vue et histoires afin de jeter les assises de l\u2019esprit communautaire.[\/et_pb_text][et_pb_text admin_label=\u00a0\u00bb2&Prime; module_class=\u00a0\u00bbread-more\u00a0\u00bb _builder_version=\u00a0\u00bb4.25.1&Prime; _module_preset=\u00a0\u00bb690269b0-e828-47a3-83b6-1384416c1038&Prime; text_font_size=\u00a0\u00bb18px\u00a0\u00bb hover_enabled=\u00a0\u00bb0&Prime; global_colors_info=\u00a0\u00bb{}\u00a0\u00bb sticky_enabled=\u00a0\u00bb0&Prime;]<strong><img loading=\"lazy\" decoding=\"async\" class=\"wp-image-2657  alignleft\" src=\"https:\/\/ssencressc.ca\/wp-content\/uploads\/2023\/06\/student-team-meeting-at-table-300x200.jpg\" alt=\"hands of students working at a table\" width=\"182\" height=\"121\" data-mce-fragment=\"1\" \/>L\u2019apprentissage des sciences sociales permet d\u2019explorer diff\u00e9rentes fa\u00e7ons de voir le monde<\/strong><\/p>\n<p>Les sciences sociales incluent de nombreuses disciplines comme l\u2019\u00e9conomie, la science politique, la g\u00e9ographie, l\u2019histoire et d\u2019autres sujets qui explorent des enjeux et des \u00e9v\u00e9nements. En examinant le monde en appliquant une diff\u00e9rente lentille, les \u00e9l\u00e8ves acqui\u00e8rent des outils qui leur permettent de mieux le comprendre.<\/p>\n<p>Par exemple, en utilisant des concepts de la pens\u00e9e historique, les \u00e9l\u00e8ves peuvent analyser des \u00e9v\u00e9nements et des preuves du pass\u00e9 pour d\u00e9velopper leur propre conscience historique dans le pr\u00e9sent. La pens\u00e9e g\u00e9ographique aide les \u00e9l\u00e8ves \u00e0 d\u00e9finir leur perspective g\u00e9ographique gr\u00e2ce \u00e0 l\u2019analyse de facteurs humains et g\u00e9ographiques. L\u2019\u00e9tude de la politique et du droit permet aux \u00e9l\u00e8ves de mieux comprendre le processus de prise de d\u00e9cision et de gouvernance, et ainsi de prendre des d\u00e9cisions \u00e9clair\u00e9es en tant que citoyennes et citoyens. L\u2019\u00e9tude de l\u2019\u00e9conomie aide les \u00e9l\u00e8ves \u00e0 comprendre la gestion de la raret\u00e9 et la distribution des biens et des services pour qu\u2019ils puissent participer pleinement \u00e0 l\u2019\u00e9conomie.<\/p>\n<p>Les enseignantes et enseignants de sciences sociales comp\u00e9tents comprennent les concepts et processus relatifs \u00e0 diverses disciplines et utilisent des m\u00e9thodes p\u00e9dagogiques fond\u00e9es sur la recherche et de v\u00e9ritables outils d\u2019enqu\u00eate pour aider les \u00e9l\u00e8ves \u00e0 explorer le monde et leur place au sein de celui-ci.[\/et_pb_text][et_pb_text admin_label=\u00a0\u00bb3&Prime; module_class=\u00a0\u00bbread-more\u00a0\u00bb _builder_version=\u00a0\u00bb4.25.1&Prime; _module_preset=\u00a0\u00bb690269b0-e828-47a3-83b6-1384416c1038&Prime; text_font_size=\u00a0\u00bb18px\u00a0\u00bb hover_enabled=\u00a0\u00bb0&Prime; global_colors_info=\u00a0\u00bb{}\u00a0\u00bb sticky_enabled=\u00a0\u00bb0&Prime;]<\/p>\n<p style=\"text-align: justify;\"><strong><img loading=\"lazy\" decoding=\"async\" class=\"wp-image-2640  alignleft\" src=\"https:\/\/ssencressc.ca\/wp-content\/uploads\/2023\/06\/woman-taking-notes-during-team-meeting-300x200.jpg\" alt=\"Group of people working at a large table\" width=\"187\" height=\"124\" data-mce-fragment=\"1\" \/>L\u2019apprentissage des sciences sociales permet de d\u00e9velopper des comp\u00e9tences qui pourront \u00eatre utilis\u00e9es durant toute une vie<\/strong><\/p>\n<p>Gr\u00e2ce \u00e0 l\u2019apprentissage des sciences sociales, les \u00e9l\u00e8ves peuvent apprendre et mettre en pratique une gamme de comp\u00e9tences polyvalentes. Il s\u2019agit de bien plus que du simple transfert de connaissances, de la m\u00e9morisation de dates et de l\u2019enseignement de \u00ab\u00a0sujets\u00a0\u00bb. Un enseignement des sciences sociales de qualit\u00e9 motive les \u00e9l\u00e8ves \u00e0 mener des enqu\u00eates appropri\u00e9es pour leur \u00e2ge qui leur permettent de d\u00e9velopper\u00a0:<\/p>\n<ul>\n<li aria-level=\"1\">la pens\u00e9e cr\u00e9ative et critique<\/li>\n<li aria-level=\"1\">la pens\u00e9e disciplinaire<\/li>\n<li aria-level=\"1\">des comp\u00e9tences en mati\u00e8re de prise de d\u00e9cisions et de solution de probl\u00e8mes<\/li>\n<li aria-level=\"1\">des comp\u00e9tences en collaboration, r\u00e9solution de conflits et formation de consensus<\/li>\n<li aria-level=\"1\">des comp\u00e9tences sociales adapt\u00e9es \u00e0 l\u2019\u00e2ge<\/li>\n<li aria-level=\"1\">des aptitudes d\u2019analyse et d\u2019interpr\u00e9tation<\/li>\n<li aria-level=\"1\">des comp\u00e9tences en litt\u00e9ratie et communication<\/li>\n<li aria-level=\"1\">des comp\u00e9tences en citoyennet\u00e9 mondiale<\/li>\n<\/ul>\n<p>Les enseignantes et enseignants de sciences sociales comp\u00e9tents motivent leurs \u00e9l\u00e8ves en leur pr\u00e9sentant des id\u00e9es, des enjeux et des sujets complexes et actuels qui ont de l\u2019importance dans la vie de la population canadienne et de la communaut\u00e9 mondiale. Ils favorisent l\u2019enqu\u00eate, l\u2019exploration, l\u2019investigation, la discussion, les d\u00e9lib\u00e9rations et les d\u00e9bats et fournissent aux \u00e9l\u00e8ves l\u2019occasion d\u2019examiner et d\u2019explorer leur perspective g\u00e9ographique et de d\u00e9velopper leur voix dans leur communaut\u00e9 et dans le monde.[\/et_pb_text][et_pb_text admin_label=\u00a0\u00bb4&Prime; module_class=\u00a0\u00bbread-more\u00a0\u00bb _builder_version=\u00a0\u00bb4.25.1&Prime; _module_preset=\u00a0\u00bb690269b0-e828-47a3-83b6-1384416c1038&Prime; text_font_size=\u00a0\u00bb18px\u00a0\u00bb hover_enabled=\u00a0\u00bb0&Prime; global_colors_info=\u00a0\u00bb{}\u00a0\u00bb sticky_enabled=\u00a0\u00bb0&Prime; custom_padding=\u00a0\u00bb||19px|||\u00a0\u00bb]<\/p>\n<p><strong><img loading=\"lazy\" decoding=\"async\" class=\"wp-image-2659  alignleft\" src=\"https:\/\/ssencressc.ca\/wp-content\/uploads\/2023\/06\/canada-flag-couple-300x200.jpg\" alt=\"Couple with flag in Toronto\" width=\"178\" height=\"118\" data-mce-fragment=\"1\" \/>\u200bL\u2019apprentissage des sciences sociales favorise la citoyennet\u00e9 participative et l\u2019engagement civique <\/strong><\/p>\n<p>L\u2019enseignement des sciences sociales doit motiver les \u00e9l\u00e8ves \u00e0 vouloir prendre part \u00e0 des activit\u00e9s civiques et au processus d\u00e9mocratique. Les cours de sciences sociales doivent v\u00e9hiculer des id\u00e9es d\u00e9mocratiques et aider les \u00e9l\u00e8ves \u00e0 comprendre leurs droits, libert\u00e9s et responsabilit\u00e9s en tant que citoyennes et citoyens.<\/p>\n<p>Dans les cours de sciences sociales, les \u00e9l\u00e8ves d\u00e9couvrent les identit\u00e9s individuelles et collectives et sont expos\u00e9s \u00e0 de nombreux points de vue sur des enjeux importants. Les sciences sociales offrent une occasion unique aux \u00e9l\u00e8ves d\u2019examiner tous les aspects d\u2019une question et de s\u2019opposer respectueusement. Ils peuvent aussi prendre part \u00e0 des discussions raisonnables et \u00e9clair\u00e9es sur des sujets qui leur tiennent \u00e0 c\u0153ur et qui se rapportent \u00e0 leur collectivit\u00e9 et au Canada.<\/p>\n<p>Les classes de sciences sociales offrent un endroit o\u00f9 les \u00e9l\u00e8ves peuvent d\u00e9couvrir leur r\u00f4le dans la soci\u00e9t\u00e9. Par exemple, les \u00e9l\u00e8ves peuvent \u00e9valuer le succ\u00e8s de divers types d\u2019actions citoyennes et d\u00e9cider comment ils peuvent agir pour influencer les politiques gouvernementales.<\/p>\n<p>Les enseignantes et enseignants de sciences sociales comp\u00e9tents aident leurs \u00e9l\u00e8ves \u00e0 tenir compte de la dimension \u00e9thique de divers enjeux, \u00e0 examiner des points de vue diff\u00e9rents et \u00e0 soutenir leur position tout en faisant preuve de sensibilit\u00e9 \u00e0 l\u2019\u00e9gard des similarit\u00e9s et diff\u00e9rences culturelles. Les sciences sociales peuvent former des citoyennes et citoyens qui sont plus aptes de rendre leur collectivit\u00e9 plus dynamique, durable et juste.<\/p>\n<p>[\/et_pb_text][\/et_pb_column][\/et_pb_row][et_pb_row _builder_version=\u00a0\u00bb4.25.1&Prime; _module_preset=\u00a0\u00bbdefault\u00a0\u00bb column_structure=\u00a0\u00bb1_2,1_2&Prime; custom_margin=\u00a0\u00bb-47px|auto||auto||\u00a0\u00bb][et_pb_column _builder_version=\u00a0\u00bb4.25.1&Prime; _module_preset=\u00a0\u00bbdefault\u00a0\u00bb type=\u00a0\u00bb1_2&Prime;][\/et_pb_column][et_pb_column _builder_version=\u00a0\u00bb4.25.1&Prime; _module_preset=\u00a0\u00bbdefault\u00a0\u00bb type=\u00a0\u00bb1_2&Prime;][et_pb_button button_text=\u00a0\u00bbContinuer \u00e0 pens\u00e9e historique\u00a0\u00bb _builder_version=\u00a0\u00bb4.25.1&Prime; _module_preset=\u00a0\u00bbdefault\u00a0\u00bb button_url=\u00a0\u00bb@ET-DC@eyJkeW5hbWljIjp0cnVlLCJjb250ZW50IjoicG9zdF9saW5rX3VybF9wYWdlIiwic2V0dGluZ3MiOnsicG9zdF9pZCI6IjExNjEifX0=@\u00a0\u00bb _dynamic_attributes=\u00a0\u00bbbutton_url\u00a0\u00bb hover_enabled=\u00a0\u00bb0&Prime; sticky_enabled=\u00a0\u00bb0&Prime; button_alignment=\u00a0\u00bbright\u00a0\u00bb background_layout=\u00a0\u00bbdark\u00a0\u00bb custom_button=\u00a0\u00bbon\u00a0\u00bb button_text_size=\u00a0\u00bb14px\u00a0\u00bb][\/et_pb_button][\/et_pb_column][\/et_pb_row][\/et_pb_section]<\/p>\n","protected":false},"excerpt":{"rendered":"<p>Qualit\u00e9 de l\u2019enseignement des sciences sociales\u00c9l\u00e9ments pour garantir la qualit\u00e9 de l\u2019enseignement des sciences socialesPar sciences sociales, on entend l\u2019\u00e9tude des personnes, de leurs relations entre elles, ainsi qu\u2019au monde qui les entoure. Il s\u2019agit de la mati\u00e8re scolaire qui permet le mieux aux \u00e9l\u00e8ves de d\u00e9velopper des comp\u00e9tences et connaissances qui les aideront \u00e0 [&hellip;]<\/p>\n","protected":false},"author":1,"featured_media":0,"parent":1025,"menu_order":1,"comment_status":"closed","ping_status":"closed","template":"","meta":{"_et_pb_use_builder":"on","_et_pb_old_content":"","_et_gb_content_width":"","_monsterinsights_skip_tracking":false,"_monsterinsights_sitenote_active":false,"_monsterinsights_sitenote_note":"","_monsterinsights_sitenote_category":0,"footnotes":""},"class_list":["post-1157","page","type-page","status-publish","hentry"],"_links":{"self":[{"href":"https:\/\/ssencressc.ca\/fr\/wp-json\/wp\/v2\/pages\/1157","targetHints":{"allow":["GET"]}}],"collection":[{"href":"https:\/\/ssencressc.ca\/fr\/wp-json\/wp\/v2\/pages"}],"about":[{"href":"https:\/\/ssencressc.ca\/fr\/wp-json\/wp\/v2\/types\/page"}],"author":[{"embeddable":true,"href":"https:\/\/ssencressc.ca\/fr\/wp-json\/wp\/v2\/users\/1"}],"replies":[{"embeddable":true,"href":"https:\/\/ssencressc.ca\/fr\/wp-json\/wp\/v2\/comments?post=1157"}],"version-history":[{"count":7,"href":"https:\/\/ssencressc.ca\/fr\/wp-json\/wp\/v2\/pages\/1157\/revisions"}],"predecessor-version":[{"id":5046,"href":"https:\/\/ssencressc.ca\/fr\/wp-json\/wp\/v2\/pages\/1157\/revisions\/5046"}],"up":[{"embeddable":true,"href":"https:\/\/ssencressc.ca\/fr\/wp-json\/wp\/v2\/pages\/1025"}],"wp:attachment":[{"href":"https:\/\/ssencressc.ca\/fr\/wp-json\/wp\/v2\/media?parent=1157"}],"curies":[{"name":"wp","href":"https:\/\/api.w.org\/{rel}","templated":true}]}}