{"id":5192,"date":"2024-03-03T13:03:39","date_gmt":"2024-03-03T18:03:39","guid":{"rendered":"http:\/\/ssencressc.ca\/?page_id=5192"},"modified":"2024-10-21T14:10:16","modified_gmt":"2024-10-21T18:10:16","slug":"conferences","status":"publish","type":"page","link":"https:\/\/ssencressc.ca\/fr\/perfectionnement-professionnel\/conferences\/","title":{"rendered":"Conferences"},"content":{"rendered":"<p>[et_pb_section fb_built=\u00a0\u00bb1&Prime; custom_padding_last_edited=\u00a0\u00bbon|desktop\u00a0\u00bb _builder_version=\u00a0\u00bb4.17.4&Prime; background_enable_color=\u00a0\u00bboff\u00a0\u00bb background_image=\u00a0\u00bbhttps:\/\/ssencressc.ca\/wp-content\/uploads\/2022\/06\/banner_professional-learning.jpg\u00a0\u00bb background_position=\u00a0\u00bbtop_center\u00a0\u00bb height=\u00a0\u00bb274px\u00a0\u00bb custom_margin=\u00a0\u00bb-22px|||||\u00a0\u00bb custom_padding=\u00a0\u00bb49px||50px||false|false\u00a0\u00bb custom_padding_tablet=\u00a0\u00bb0px||0px||true|false\u00a0\u00bb custom_padding_phone=\u00a0\u00bb0px||0px||true|false\u00a0\u00bb da_disable_devices=\u00a0\u00bboff|off|off\u00a0\u00bb collapsed=\u00a0\u00bboff\u00a0\u00bb global_colors_info=\u00a0\u00bb{}\u00a0\u00bb da_is_popup=\u00a0\u00bboff\u00a0\u00bb da_exit_intent=\u00a0\u00bboff\u00a0\u00bb da_has_close=\u00a0\u00bbon\u00a0\u00bb da_alt_close=\u00a0\u00bboff\u00a0\u00bb da_dark_close=\u00a0\u00bboff\u00a0\u00bb da_not_modal=\u00a0\u00bbon\u00a0\u00bb da_is_singular=\u00a0\u00bboff\u00a0\u00bb da_with_loader=\u00a0\u00bboff\u00a0\u00bb da_has_shadow=\u00a0\u00bbon\u00a0\u00bb][et_pb_row admin_label=\u00a0\u00bbRow\u00a0\u00bb _builder_version=\u00a0\u00bb4.21.0&Prime; background_color=\u00a0\u00bbRGBA(255,255,255,0)\u00a0\u00bb background_size=\u00a0\u00bbinitial\u00a0\u00bb background_position=\u00a0\u00bbtop_left\u00a0\u00bb background_repeat=\u00a0\u00bbrepeat\u00a0\u00bb custom_margin=\u00a0\u00bb-16px|auto||auto||\u00a0\u00bb global_colors_info=\u00a0\u00bb{}\u00a0\u00bb][et_pb_column type=\u00a0\u00bb4_4&Prime; _builder_version=\u00a0\u00bb4.16&Prime; custom_padding=\u00a0\u00bb|||\u00a0\u00bb global_colors_info=\u00a0\u00bb{}\u00a0\u00bb custom_padding__hover=\u00a0\u00bb|||\u00a0\u00bb][et_pb_text admin_label=\u00a0\u00bbMember Association Conferences\u00a0\u00bb _builder_version=\u00a0\u00bb4.25.2&Prime; header_text_color=\u00a0\u00bb#FFFFFF\u00a0\u00bb header_font_size=\u00a0\u00bb60px\u00a0\u00bb background_size=\u00a0\u00bbinitial\u00a0\u00bb background_position=\u00a0\u00bbtop_left\u00a0\u00bb background_repeat=\u00a0\u00bbrepeat\u00a0\u00bb max_width=\u00a0\u00bb40%\u00a0\u00bb max_width_tablet=\u00a0\u00bb100%\u00a0\u00bb max_width_phone=\u00a0\u00bb100%\u00a0\u00bb max_width_last_edited=\u00a0\u00bbon|desktop\u00a0\u00bb custom_padding=\u00a0\u00bb||10px||false|false\u00a0\u00bb header_font_size_tablet=\u00a0\u00bb50px\u00a0\u00bb header_font_size_phone=\u00a0\u00bb40px\u00a0\u00bb header_font_size_last_edited=\u00a0\u00bbon|phone\u00a0\u00bb global_colors_info=\u00a0\u00bb{}\u00a0\u00bb]<\/p>\n<h1>Conf\u00e9rences de nos associations membres<\/h1>\n<p>[\/et_pb_text][et_pb_text admin_label=\u00a0\u00bbIntro\u00a0\u00bb _builder_version=\u00a0\u00bb4.25.2&Prime; _module_preset=\u00a0\u00bbdefault\u00a0\u00bb custom_padding=\u00a0\u00bb0px|||||\u00a0\u00bb global_colors_info=\u00a0\u00bb{}\u00a0\u00bb]<\/p>\n<p><strong>Restez au courant des conf\u00e9rences offertes par nos associations membres partout au pays!<\/strong><\/p>\n<p>[\/et_pb_text][et_pb_slider admin_label=\u00a0\u00bbSlider\u00a0\u00bb _builder_version=\u00a0\u00bb4.27.2&Prime; _module_preset=\u00a0\u00bb1b9c3ff1-2a1e-43e2-ae44-356d65a1d144&Prime; saved_tabs=\u00a0\u00bball\u00a0\u00bb global_colors_info=\u00a0\u00bb{}\u00a0\u00bb global_module=\u00a0\u00bb5795&Prime; theme_builder_area=\u00a0\u00bbpost_content\u00a0\u00bb][et_pb_slide heading=\u00a0\u00bbAlberta Teachers Association Social Studies Council\u00a0\u00bb button_text=\u00a0\u00bbLearn more and register\u00a0\u00bb button_link=\u00a0\u00bbhttps:\/\/atassc2024conference.weebly.com\/%20&Prime; image=\u00a0\u00bbhttps:\/\/ssencressc.ca\/wp-content\/uploads\/2023\/01\/SSC-10-Logo-2018-Colour.jpg\u00a0\u00bb admin_title=\u00a0\u00bbATASSC\u00a0\u00bb _builder_version=\u00a0\u00bb4.27.2&Prime; _module_preset=\u00a0\u00bbdefault\u00a0\u00bb link_option_url_new_window=\u00a0\u00bbon\u00a0\u00bb global_colors_info=\u00a0\u00bb{}\u00a0\u00bb sticky_transition=\u00a0\u00bbon\u00a0\u00bb theme_builder_area=\u00a0\u00bbpost_content\u00a0\u00bb]<\/p>\n<p><span style=\"font-weight: 400;\">Magnifying the Mysteries of Canada\u2019s History<\/span><\/p>\n<p><span style=\"font-weight: 400;\">Oct 17 &#8211; 19, 2024<\/span><\/p>\n<p>Banff, Alberta<\/p>\n<p>[\/et_pb_slide][et_pb_slide heading=\u00a0\u00bbSocial Studies Teachers Association of Nova Scotia\u00a0\u00bb button_text=\u00a0\u00bbLearn more and register\u00a0\u00bb button_link=\u00a0\u00bbhttps:\/\/sites.google.com\/gnspes.ca\/ssta\/home\u00a0\u00bb url_new_window=\u00a0\u00bbon\u00a0\u00bb image=\u00a0\u00bbhttps:\/\/ssencressc.ca\/wp-content\/uploads\/2023\/01\/NSSSTA-Logo-1-01-Artboard-1-e1716573911769.png\u00a0\u00bb _builder_version=\u00a0\u00bb4.27.2&Prime; _module_preset=\u00a0\u00bbdefault\u00a0\u00bb global_colors_info=\u00a0\u00bb{}\u00a0\u00bb sticky_transition=\u00a0\u00bbon\u00a0\u00bb theme_builder_area=\u00a0\u00bbpost_content\u00a0\u00bb]<\/p>\n<p><span style=\"font-weight: 400;\">Charting Our Course: Mapping Social Studies for the Modern Learner<\/span><\/p>\n<p><span style=\"font-weight: 400;\">October 25, 2024<\/span><\/p>\n<p><span style=\"font-weight: 400;\">Saint Mary\u2019s University, Halifax, Nova Scotia<\/span><\/p>\n<p>[\/et_pb_slide][et_pb_slide heading=\u00a0\u00bbBritish Columbia Social Studies Teachers Association\u00a0\u00bb button_text=\u00a0\u00bbLearn more and register\u00a0\u00bb button_link=\u00a0\u00bbhttps:\/\/bcssta.wordpress.com\/bcssta-october-2024-pd-day-conference\/\u00a0\u00bb url_new_window=\u00a0\u00bbon\u00a0\u00bb image=\u00a0\u00bbhttps:\/\/ssencressc.ca\/wp-content\/uploads\/2023\/08\/bcsstalogo6-e1713187909707.png\u00a0\u00bb _builder_version=\u00a0\u00bb4.27.2&Prime; _module_preset=\u00a0\u00bbdefault\u00a0\u00bb global_colors_info=\u00a0\u00bb{}\u00a0\u00bb sticky_transition=\u00a0\u00bbon\u00a0\u00bb theme_builder_area=\u00a0\u00bbpost_content\u00a0\u00bb]<\/p>\n<p><span style=\"font-weight: 400;\">Global Affairs<\/span><\/p>\n<p><span style=\"font-weight: 400;\">October 25, 2024<\/span><\/p>\n<p><span style=\"font-weight: 400;\">University of British Columbia, Vancouver BC<\/span><\/p>\n<p>[\/et_pb_slide][et_pb_slide heading=\u00a0\u00bbManitoba Social Science Teachers&rsquo; Association\u00a0\u00bb button_text=\u00a0\u00bbLearn more and register\u00a0\u00bb button_link=\u00a0\u00bbhttps:\/\/www.mssta.org\/\u00a0\u00bb url_new_window=\u00a0\u00bbon\u00a0\u00bb image=\u00a0\u00bbhttps:\/\/ssencressc.ca\/wp-content\/uploads\/2023\/01\/MSSTA-LogoFull2-1-e1713188489218.jpg\u00a0\u00bb _builder_version=\u00a0\u00bb4.27.2&Prime; _module_preset=\u00a0\u00bbdefault\u00a0\u00bb global_colors_info=\u00a0\u00bb{}\u00a0\u00bb sticky_transition=\u00a0\u00bbon\u00a0\u00bb theme_builder_area=\u00a0\u00bbpost_content\u00a0\u00bb]<\/p>\n<p><span style=\"font-weight: 400;\">Environmental Changemakers: From Awareness to Action<\/span><\/p>\n<p><span style=\"font-weight: 400;\">October 25, 2024<\/span><\/p>\n<p>Chief Peguis Middle School, Winnipeg Manitoba<\/p>\n<p>[\/et_pb_slide][et_pb_slide heading=\u00a0\u00bbAssociation qu\u00e9b\u00e9coise pour l&rsquo;enseignement en univers social\u00a0\u00bb button_text=\u00a0\u00bbLearn more and register\u00a0\u00bb button_link=\u00a0\u00bbhttps:\/\/sites.google.com\/gnspes.ca\/ssta\/home\u00a0\u00bb url_new_window=\u00a0\u00bbon\u00a0\u00bb image=\u00a0\u00bbhttps:\/\/ssencressc.ca\/wp-content\/uploads\/2023\/01\/grand_format.png\u00a0\u00bb _builder_version=\u00a0\u00bb4.27.2&Prime; _module_preset=\u00a0\u00bbdefault\u00a0\u00bb link_option_url=\u00a0\u00bbhttps:\/\/drive.google.com\/file\/d\/1WgDJYQTgR6PbbJZ_pFZNkP6Bj2nyoQb8\/view\u00a0\u00bb global_colors_info=\u00a0\u00bb{}\u00a0\u00bb sticky_transition=\u00a0\u00bbon\u00a0\u00bb theme_builder_area=\u00a0\u00bbpost_content\u00a0\u00bb]<\/p>\n<p><span style=\"font-weight: 400;\">Nous: Notre soci\u00e9t\u00e9, nos origines et notre avenir<\/span><\/p>\n<p><span style=\"font-weight: 400;\">7-8 novembre, 2024<\/span><span style=\"font-weight: 400;\"><br \/><\/span><\/p>\n<p><span style=\"font-weight: 400;\">Sheraton a\u00e9roport Montr\u00e9al, Qu\u00e9bec<\/span><\/p>\n<p>[\/et_pb_slide][et_pb_slide heading=\u00a0\u00bbNew Brunswick Social Studies Educators Network\u00a0\u00bb button_text=\u00a0\u00bbLearn more \u00a0\u00bb button_link=\u00a0\u00bbhttp:\/\/Contact%20us%20for%20more%20information\u00a0\u00bb url_new_window=\u00a0\u00bbon\u00a0\u00bb image=\u00a0\u00bbhttps:\/\/ssencressc.ca\/wp-content\/uploads\/2023\/07\/NBSSEN_Logo_200x200.png\u00a0\u00bb _builder_version=\u00a0\u00bb4.27.2&Prime; _module_preset=\u00a0\u00bbdefault\u00a0\u00bb link_option_url=\u00a0\u00bbmailto: nb@ssencressc.ca\u00a0\u00bb global_colors_info=\u00a0\u00bb{}\u00a0\u00bb sticky_transition=\u00a0\u00bbon\u00a0\u00bb theme_builder_area=\u00a0\u00bbpost_content\u00a0\u00bb]<\/p>\n<p><span style=\"font-weight: 400;\">Now More Than Ever<\/span><\/p>\n<p><span style=\"font-weight: 400;\">May 2, 2025<\/span><\/p>\n<p>Fredericton, New Brunswick<\/p>\n<p>[\/et_pb_slide][et_pb_slide heading=\u00a0\u00bbOntario History and Social Science Teachers&rsquo; Association\u00a0\u00bb image=\u00a0\u00bbhttps:\/\/ssencressc.ca\/wp-content\/uploads\/2024\/04\/OHASSTA.V2F.BShackleton.png\u00a0\u00bb _builder_version=\u00a0\u00bb4.27.2&Prime; _module_preset=\u00a0\u00bbdefault\u00a0\u00bb global_colors_info=\u00a0\u00bb{}\u00a0\u00bb sticky_transition=\u00a0\u00bbon\u00a0\u00bb theme_builder_area=\u00a0\u00bbpost_content\u00a0\u00bb]<\/p>\n<p>Coming soon: May 2024<\/p>\n<p>McMaster University, Hamilton, Ontario<\/p>\n<p>[\/et_pb_slide][\/et_pb_slider][et_pb_slider _builder_version=\u00a0\u00bb4.27.2&Prime; _module_preset=\u00a0\u00bbdefault\u00a0\u00bb background_color=\u00a0\u00bb#1c7cc0&Prime; hover_enabled=\u00a0\u00bb0&Prime; global_colors_info=\u00a0\u00bb{}\u00a0\u00bb sticky_enabled=\u00a0\u00bb0&Prime; disabled_on=\u00a0\u00bbon|on|on\u00a0\u00bb disabled=\u00a0\u00bbon\u00a0\u00bb][et_pb_slide heading=\u00a0\u00bbAucune conf\u00e9rence \u00e0 venir\u00a0\u00bb _builder_version=\u00a0\u00bb4.25.2&Prime; _module_preset=\u00a0\u00bbdefault\u00a0\u00bb global_colors_info=\u00a0\u00bb{}\u00a0\u00bb sticky_transition=\u00a0\u00bbon\u00a0\u00bb][\/et_pb_slide][\/et_pb_slider][et_pb_text admin_label=\u00a0\u00bbIntro\u00a0\u00bb _builder_version=\u00a0\u00bb4.25.2&Prime; _module_preset=\u00a0\u00bbdefault\u00a0\u00bb custom_padding=\u00a0\u00bb0px|||||\u00a0\u00bb global_colors_info=\u00a0\u00bb{}\u00a0\u00bb]<\/p>\n<p><strong>Consultez les activit\u00e9s ant\u00e9rieures<\/strong><\/p>\n<p>[\/et_pb_text][et_pb_blog fullwidth=\u00a0\u00bboff\u00a0\u00bb posts_number=\u00a0\u00bb9&Prime; include_categories=\u00a0\u00bb970&Prime; excerpt_length=\u00a0\u00bb100&Prime; show_author=\u00a0\u00bboff\u00a0\u00bb show_date=\u00a0\u00bboff\u00a0\u00bb show_categories=\u00a0\u00bboff\u00a0\u00bb masonry_tile_background_color=\u00a0\u00bbRGBA(255,255,255,0)\u00a0\u00bb _builder_version=\u00a0\u00bb4.24.3&Prime; _module_preset=\u00a0\u00bbdefault\u00a0\u00bb global_colors_info=\u00a0\u00bb{}\u00a0\u00bb][\/et_pb_blog][\/et_pb_column][\/et_pb_row][\/et_pb_section][et_pb_section fb_built=\u00a0\u00bb1&Prime; _builder_version=\u00a0\u00bb4.17.4&Prime; _module_preset=\u00a0\u00bbdefault\u00a0\u00bb da_disable_devices=\u00a0\u00bboff|off|off\u00a0\u00bb global_colors_info=\u00a0\u00bb{}\u00a0\u00bb da_is_popup=\u00a0\u00bboff\u00a0\u00bb da_exit_intent=\u00a0\u00bboff\u00a0\u00bb da_has_close=\u00a0\u00bbon\u00a0\u00bb da_alt_close=\u00a0\u00bboff\u00a0\u00bb da_dark_close=\u00a0\u00bboff\u00a0\u00bb da_not_modal=\u00a0\u00bbon\u00a0\u00bb da_is_singular=\u00a0\u00bboff\u00a0\u00bb da_with_loader=\u00a0\u00bboff\u00a0\u00bb da_has_shadow=\u00a0\u00bbon\u00a0\u00bb][et_pb_row _builder_version=\u00a0\u00bb4.24.3&Prime; _module_preset=\u00a0\u00bbdefault\u00a0\u00bb global_colors_info=\u00a0\u00bb{}\u00a0\u00bb][et_pb_column type=\u00a0\u00bb4_4&Prime; _builder_version=\u00a0\u00bb4.24.3&Prime; _module_preset=\u00a0\u00bbdefault\u00a0\u00bb global_colors_info=\u00a0\u00bb{}\u00a0\u00bb][\/et_pb_column][\/et_pb_row][\/et_pb_section]<\/p>\n","protected":false},"excerpt":{"rendered":"<p>Conf\u00e9rences de nos associations membresRestez au courant des conf\u00e9rences offertes par nos associations membres partout au pays!Magnifying the Mysteries of Canada\u2019s History Oct 17 &#8211; 19, 2024 Banff, AlbertaCharting Our Course: Mapping Social Studies for the Modern Learner October 25, 2024 Saint Mary\u2019s University, Halifax, Nova ScotiaGlobal Affairs October 25, 2024 University of British Columbia, [&hellip;]<\/p>\n","protected":false},"author":14,"featured_media":0,"parent":1147,"menu_order":0,"comment_status":"closed","ping_status":"closed","template":"","meta":{"_et_pb_use_builder":"on","_et_pb_old_content":"<p>[et_pb_section fb_built=\"1\" custom_padding_last_edited=\"on|desktop\" _builder_version=\"4.17.4\" background_enable_color=\"off\" background_image=\"https:\/\/ssencressc.ca\/wp-content\/uploads\/2022\/06\/banner_professional-learning.jpg\" background_position=\"top_center\" height=\"274px\" custom_margin=\"-22px|||||\" custom_padding=\"49px||50px||false|false\" custom_padding_tablet=\"0px||0px||true|false\" custom_padding_phone=\"0px||0px||true|false\" da_disable_devices=\"off|off|off\" collapsed=\"off\" global_colors_info=\"{}\" da_is_popup=\"off\" da_exit_intent=\"off\" da_has_close=\"on\" da_alt_close=\"off\" da_dark_close=\"off\" da_not_modal=\"on\" da_is_singular=\"off\" da_with_loader=\"off\" da_has_shadow=\"on\"][et_pb_row admin_label=\"Row\" _builder_version=\"4.21.0\" background_color=\"RGBA(255,255,255,0)\" background_size=\"initial\" background_position=\"top_left\" background_repeat=\"repeat\" global_colors_info=\"{}\"][et_pb_column type=\"4_4\" _builder_version=\"4.16\" custom_padding=\"|||\" global_colors_info=\"{}\" custom_padding__hover=\"|||\"][et_pb_text admin_label=\"Member Association Conferences\" _builder_version=\"4.24.2\" header_text_color=\"#FFFFFF\" header_font_size=\"60px\" background_size=\"initial\" background_position=\"top_left\" background_repeat=\"repeat\" max_width=\"40%\" max_width_tablet=\"100%\" max_width_phone=\"100%\" max_width_last_edited=\"on|desktop\" custom_padding=\"||10px||false|false\" header_font_size_tablet=\"50px\" header_font_size_phone=\"40px\" header_font_size_last_edited=\"on|phone\" global_colors_info=\"{}\"]<\/p><h1>Member Association Conferences<\/h1><p>[\/et_pb_text][et_pb_text admin_label=\"Intro\" _builder_version=\"4.24.2\" _module_preset=\"default\" custom_padding=\"0px|||||\" global_colors_info=\"{}\"]<\/p><p><strong>Stay up to date on our member association conferences across the country!<br \/><\/strong><\/p><p>[\/et_pb_text][et_pb_post_slider include_categories=\"1017\" show_more_button=\"off\" excerpt_length=\"100\" image_placement=\"left\" use_bg_overlay=\"off\" use_text_overlay=\"on\" text_overlay_color=\"#962f93\" disabled_on=\"on|on|on\" _builder_version=\"4.24.3\" _module_preset=\"default\" background_color=\"RGBA(255,255,255,0)\" custom_padding=\"||0px|||\" disabled=\"on\" global_colors_info=\"{}\"][\/et_pb_post_slider][et_pb_slider _builder_version=\"4.24.3\" _module_preset=\"default\" hover_enabled=\"0\" global_colors_info=\"{}\" background_color=\"#1c7cc0\" sticky_enabled=\"0\"][et_pb_slide heading=\"No Upcoming Conferences\" _builder_version=\"4.24.3\" _module_preset=\"default\" global_colors_info=\"{}\" sticky_transition=\"on\"][\/et_pb_slide][et_pb_slide heading=\"No Upcoming Conferences\" _builder_version=\"4.24.3\" _module_preset=\"default\" global_colors_info=\"{}\" sticky_transition=\"on\"][\/et_pb_slide][\/et_pb_slider][et_pb_text admin_label=\"Intro\" _builder_version=\"4.24.3\" _module_preset=\"default\" custom_padding=\"0px|||||\" global_colors_info=\"{}\"]<\/p><p><strong>Check out past events!<br \/><\/strong><\/p><p>[\/et_pb_text][et_pb_blog fullwidth=\"off\" posts_number=\"9\" include_categories=\"970\" excerpt_length=\"100\" show_author=\"off\" show_date=\"off\" show_categories=\"off\" masonry_tile_background_color=\"RGBA(255,255,255,0)\" _builder_version=\"4.24.3\" _module_preset=\"default\" global_colors_info=\"{}\"][\/et_pb_blog][\/et_pb_column][\/et_pb_row][\/et_pb_section][et_pb_section fb_built=\"1\" _builder_version=\"4.17.4\" _module_preset=\"default\" da_disable_devices=\"off|off|off\" global_colors_info=\"{}\" da_is_popup=\"off\" da_exit_intent=\"off\" da_has_close=\"on\" da_alt_close=\"off\" da_dark_close=\"off\" da_not_modal=\"on\" da_is_singular=\"off\" da_with_loader=\"off\" da_has_shadow=\"on\"][et_pb_row _builder_version=\"4.24.3\" _module_preset=\"default\" global_colors_info=\"{}\"][et_pb_column type=\"4_4\" _builder_version=\"4.24.3\" _module_preset=\"default\" global_colors_info=\"{}\"][\/et_pb_column][\/et_pb_row][\/et_pb_section]<\/p>","_et_gb_content_width":"","_monsterinsights_skip_tracking":false,"_monsterinsights_sitenote_active":false,"_monsterinsights_sitenote_note":"","_monsterinsights_sitenote_category":0,"footnotes":""},"class_list":["post-5192","page","type-page","status-publish","hentry"],"_links":{"self":[{"href":"https:\/\/ssencressc.ca\/fr\/wp-json\/wp\/v2\/pages\/5192","targetHints":{"allow":["GET"]}}],"collection":[{"href":"https:\/\/ssencressc.ca\/fr\/wp-json\/wp\/v2\/pages"}],"about":[{"href":"https:\/\/ssencressc.ca\/fr\/wp-json\/wp\/v2\/types\/page"}],"author":[{"embeddable":true,"href":"https:\/\/ssencressc.ca\/fr\/wp-json\/wp\/v2\/users\/14"}],"replies":[{"embeddable":true,"href":"https:\/\/ssencressc.ca\/fr\/wp-json\/wp\/v2\/comments?post=5192"}],"version-history":[{"count":4,"href":"https:\/\/ssencressc.ca\/fr\/wp-json\/wp\/v2\/pages\/5192\/revisions"}],"predecessor-version":[{"id":5803,"href":"https:\/\/ssencressc.ca\/fr\/wp-json\/wp\/v2\/pages\/5192\/revisions\/5803"}],"up":[{"embeddable":true,"href":"https:\/\/ssencressc.ca\/fr\/wp-json\/wp\/v2\/pages\/1147"}],"wp:attachment":[{"href":"https:\/\/ssencressc.ca\/fr\/wp-json\/wp\/v2\/media?parent=5192"}],"curies":[{"name":"wp","href":"https:\/\/api.w.org\/{rel}","templated":true}]}}