{"id":7729,"date":"2026-02-28T13:57:10","date_gmt":"2026-02-28T18:57:10","guid":{"rendered":"https:\/\/ssencressc.ca\/?page_id=7729"},"modified":"2026-02-28T14:08:16","modified_gmt":"2026-02-28T19:08:16","slug":"les-femmes-coreennes","status":"publish","type":"page","link":"https:\/\/ssencressc.ca\/fr\/les-femmes-coreennes\/","title":{"rendered":"Les femmes cor\u00e9ennes"},"content":{"rendered":"<p>[et_pb_section fb_built=\u00a0\u00bb1&Prime; custom_padding_last_edited=\u00a0\u00bbon|desktop\u00a0\u00bb _builder_version=\u00a0\u00bb4.17.4&Prime; background_enable_color=\u00a0\u00bboff\u00a0\u00bb background_image=\u00a0\u00bbhttps:\/\/ssencressc.ca\/wp-content\/uploads\/2022\/05\/banner_about.jpg\u00a0\u00bb background_position=\u00a0\u00bbtop_center\u00a0\u00bb height=\u00a0\u00bb250px\u00a0\u00bb custom_padding=\u00a0\u00bb50px||50px||false|false\u00a0\u00bb custom_padding_tablet=\u00a0\u00bb0px||0px||true|false\u00a0\u00bb custom_padding_phone=\u00a0\u00bb0px||0px||true|false\u00a0\u00bb da_disable_devices=\u00a0\u00bboff|off|off\u00a0\u00bb global_colors_info=\u00a0\u00bb{}\u00a0\u00bb da_is_popup=\u00a0\u00bboff\u00a0\u00bb da_exit_intent=\u00a0\u00bboff\u00a0\u00bb da_has_close=\u00a0\u00bbon\u00a0\u00bb da_alt_close=\u00a0\u00bboff\u00a0\u00bb da_dark_close=\u00a0\u00bboff\u00a0\u00bb da_not_modal=\u00a0\u00bbon\u00a0\u00bb da_is_singular=\u00a0\u00bboff\u00a0\u00bb da_with_loader=\u00a0\u00bboff\u00a0\u00bb da_has_shadow=\u00a0\u00bbon\u00a0\u00bb][et_pb_row _builder_version=\u00a0\u00bb4.16&Prime; background_size=\u00a0\u00bbinitial\u00a0\u00bb background_position=\u00a0\u00bbtop_left\u00a0\u00bb background_repeat=\u00a0\u00bbrepeat\u00a0\u00bb global_colors_info=\u00a0\u00bb{}\u00a0\u00bb][et_pb_column type=\u00a0\u00bb4_4&Prime; _builder_version=\u00a0\u00bb4.16&Prime; custom_padding=\u00a0\u00bb|||\u00a0\u00bb global_colors_info=\u00a0\u00bb{}\u00a0\u00bb custom_padding__hover=\u00a0\u00bb|||\u00a0\u00bb][et_pb_text admin_label=\u00a0\u00bbPage Title\u00a0\u00bb _builder_version=\u00a0\u00bb4.21.0&Prime; header_text_color=\u00a0\u00bb#FFFFFF\u00a0\u00bb header_font_size=\u00a0\u00bb60px\u00a0\u00bb header_2_text_color=\u00a0\u00bb#FFFFFF\u00a0\u00bb background_size=\u00a0\u00bbinitial\u00a0\u00bb background_position=\u00a0\u00bbtop_left\u00a0\u00bb background_repeat=\u00a0\u00bbrepeat\u00a0\u00bb max_width=\u00a0\u00bb69%\u00a0\u00bb max_width_tablet=\u00a0\u00bb100%\u00a0\u00bb max_width_phone=\u00a0\u00bb100%\u00a0\u00bb max_width_last_edited=\u00a0\u00bbon|desktop\u00a0\u00bb header_font_size_tablet=\u00a0\u00bb50px\u00a0\u00bb header_font_size_phone=\u00a0\u00bb40px\u00a0\u00bb header_font_size_last_edited=\u00a0\u00bbon|phone\u00a0\u00bb global_colors_info=\u00a0\u00bb{}\u00a0\u00bb]<\/p>\n<h1>Les femmes cor\u00e9ennes :<\/h1>\n<h2>une enqu\u00eate historique<\/h2>\n<p>[\/et_pb_text][\/et_pb_column][\/et_pb_row][\/et_pb_section][et_pb_section fb_built=\u00a0\u00bb1&Prime; module_id=\u00a0\u00bbhistory\u00a0\u00bb _builder_version=\u00a0\u00bb4.21.0&Prime; _module_preset=\u00a0\u00bbdefault\u00a0\u00bb custom_padding=\u00a0\u00bb0px||||false|false\u00a0\u00bb da_disable_devices=\u00a0\u00bboff|off|off\u00a0\u00bb global_colors_info=\u00a0\u00bb{}\u00a0\u00bb da_is_popup=\u00a0\u00bboff\u00a0\u00bb da_exit_intent=\u00a0\u00bboff\u00a0\u00bb da_has_close=\u00a0\u00bbon\u00a0\u00bb da_alt_close=\u00a0\u00bboff\u00a0\u00bb da_dark_close=\u00a0\u00bboff\u00a0\u00bb da_not_modal=\u00a0\u00bbon\u00a0\u00bb da_is_singular=\u00a0\u00bboff\u00a0\u00bb da_with_loader=\u00a0\u00bboff\u00a0\u00bb da_has_shadow=\u00a0\u00bbon\u00a0\u00bb][et_pb_row column_structure=\u00a0\u00bb1_2,1_2&Prime; _builder_version=\u00a0\u00bb4.17.4&Prime; _module_preset=\u00a0\u00bbdefault\u00a0\u00bb global_colors_info=\u00a0\u00bb{}\u00a0\u00bb][et_pb_column type=\u00a0\u00bb1_2&Prime; _builder_version=\u00a0\u00bb4.17.4&Prime; _module_preset=\u00a0\u00bbdefault\u00a0\u00bb global_colors_info=\u00a0\u00bb{}\u00a0\u00bb][et_pb_text admin_label=\u00a0\u00bbIntro\u00a0\u00bb _builder_version=\u00a0\u00bb4.27.5&Prime; _module_preset=\u00a0\u00bbdefault\u00a0\u00bb custom_padding=\u00a0\u00bb||0px|||\u00a0\u00bb global_colors_info=\u00a0\u00bb{}\u00a0\u00bb]<\/p>\n<p>Cette enqu\u00eate am\u00e8ne les \u00e9l\u00e8ves \u00e0 examiner dans quelle mesure les femmestaient sujets ou actrices de leur destin durant trois p\u00e9riodes de l\u2019histoire de la Cor\u00e9e. Autrement dit, elle les invite \u00e0 se demander quel pouvoir d\u2019action ces femmes poss\u00e9daient et dans quelle mesure elles \u00e9taient plut\u00f4t soumises aux forces sociales, \u00e9conomiques et politiques de leur \u00e9poque.<\/p>\n<p>Les \u00e9l\u00e8ves prendront position sur la place des femmes dans l\u2019histoire de la Cor\u00e9e \u2014 comme actrices ou sujets \u2014 durant trois grandes p\u00e9riodes :<\/p>\n<ul>\n<li>la p\u00e9riode Joseon (1392 \u00e0 1876)<\/li>\n<li>la fin de la p\u00e9riode Joseon et le r\u00e8gne colonial japonais (1876 \u00e0 1945)<\/li>\n<li>la Cor\u00e9e contemporaine (de 1945 \u00e0 aujourd\u2019hui)<\/li>\n<\/ul>\n<p>\u00c0 partir des sources, les \u00e9l\u00e8ves d\u00e9termineront dans quelle mesure chaque femme \u00e9tudi\u00e9e a \u00e9t\u00e9 une participante active ou passive aux \u00e9v\u00e9nements historiques, puis tenteront de tirer des conclusions globales sur une p\u00e9riode ou une influence historique. Cette enqu\u00eate est con\u00e7ue pour des \u00e9l\u00e8ves du deuxi\u00e8me cycle du secondaire et n\u00e9cessite des connaissances pr\u00e9alables en interpr\u00e9tation de sources primaires ainsi qu\u2019en analyse de perspectives multiples d\u2019acteurs et d\u2019actrices du pass\u00e9.<\/p>\n<p>[\/et_pb_text][et_pb_button button_url=\u00a0\u00bbhttps:\/\/drive.google.com\/file\/d\/1reTg1fC1J42f8GtUN8F0Fm4Djl6p3FlE\/view?usp=drive_link\u00a0\u00bb url_new_window=\u00a0\u00bbon\u00a0\u00bb button_text=\u00a0\u00bbT\u00e9l\u00e9chargez votre PDF ici!\u00a0\u00bb admin_label=\u00a0\u00bbPDF link\u00a0\u00bb _builder_version=\u00a0\u00bb4.27.6&Prime; _module_preset=\u00a0\u00bb298818ca-968c-4517-afbd-a93024bb110c\u00a0\u00bb hover_enabled=\u00a0\u00bb0&Prime; global_colors_info=\u00a0\u00bb{}\u00a0\u00bb sticky_enabled=\u00a0\u00bb0&Prime;][\/et_pb_button][et_pb_text admin_label=\u00a0\u00bbCurriculum links\u00a0\u00bb _builder_version=\u00a0\u00bb4.27.6&Prime; _module_preset=\u00a0\u00bbdefault\u00a0\u00bb hover_enabled=\u00a0\u00bb0&Prime; global_colors_info=\u00a0\u00bb{}\u00a0\u00bb sticky_enabled=\u00a0\u00bb0&Prime;]<\/p>\n<p>Cette ressource est con\u00e7ue pour \u00eatre utilis\u00e9e dans les cours d\u2019histoire mondiale pour les \u00e9l\u00e8ves du deuxi\u00e8me cycle du secondaire. Toutefois, elle peut \u00e9galement \u00eatre utilis\u00e9e dans d\u2019autres disciplines comme la g\u00e9ographie, les sciences sociales, les \u00e9tudes de genre et d\u2019\u00e9quit\u00e9, la sociologie et les \u00e9tudes sociales. Elle peut \u00eatre utilis\u00e9e en entier sur quelques jours, ou encore ses questions et ses sources peuvent \u00eatre utilis\u00e9es s\u00e9par\u00e9ment lorsque le temps est limit\u00e9. Nous esp\u00e9rons qu\u2019elle vous inspirera, vous et vos \u00e9l\u00e8ves, \u00e0 en apprendre davantage sur la Cor\u00e9e et \u00e0 poser des questions sur les histoires et les r\u00f4les des femmes dans vos propres communaut\u00e9s.<\/p>\n<p>[\/et_pb_text][\/et_pb_column][et_pb_column type=\u00a0\u00bb1_2&Prime; _builder_version=\u00a0\u00bb4.17.4&Prime; _module_preset=\u00a0\u00bbdefault\u00a0\u00bb global_colors_info=\u00a0\u00bb{}\u00a0\u00bb][et_pb_image src=\u00a0\u00bbhttps:\/\/ssencressc.ca\/wp-content\/uploads\/2026\/02\/Cover_Single-Pages_2-1-scaled.png\u00a0\u00bb title_text=\u00a0\u00bbCover_Single Pages_2&Prime; admin_label=\u00a0\u00bbBook cover\u00a0\u00bb _builder_version=\u00a0\u00bb4.27.5&Prime; _module_preset=\u00a0\u00bbdefault\u00a0\u00bb module_alignment=\u00a0\u00bbleft\u00a0\u00bb global_colors_info=\u00a0\u00bb{}\u00a0\u00bb][\/et_pb_image][\/et_pb_column][\/et_pb_row][et_pb_row column_structure=\u00a0\u00bb1_2,1_2&Prime; _builder_version=\u00a0\u00bb4.27.5&Prime; _module_preset=\u00a0\u00bbdefault\u00a0\u00bb global_colors_info=\u00a0\u00bb{}\u00a0\u00bb][et_pb_column type=\u00a0\u00bb1_2&Prime; _builder_version=\u00a0\u00bb4.27.5&Prime; _module_preset=\u00a0\u00bbdefault\u00a0\u00bb global_colors_info=\u00a0\u00bb{}\u00a0\u00bb][et_pb_text admin_label=\u00a0\u00bbIDM and Korean War promo\u00a0\u00bb _builder_version=\u00a0\u00bb4.27.6&Prime; _module_preset=\u00a0\u00bbdefault\u00a0\u00bb global_colors_info=\u00a0\u00bb{}\u00a0\u00bb]<\/p>\n<p>Cette enqu\u00eate utilise le mod\u00e8le d\u2019enqu\u00eate Inquiry Design Model d\u00e9velopp\u00e9 par<a href=\"https:\/\/c3teachers.org\/\" target=\"_blank\" rel=\"noopener\">\u00a0C3 Teachers<\/a>. C\u2019est le m\u00eame mod\u00e8le utilis\u00e9 dans la ressource <a href=\"https:\/\/ssencressc.ca\/fr\/les-publications\/projet-sur-lheritage-de-la-guerre-de-coree\/\">La participation du Canada \u00e0 la guerre de Cor\u00e9e<\/a>.<\/p>\n<p>[\/et_pb_text][\/et_pb_column][et_pb_column type=\u00a0\u00bb1_2&Prime; _builder_version=\u00a0\u00bb4.27.5&Prime; _module_preset=\u00a0\u00bbdefault\u00a0\u00bb global_colors_info=\u00a0\u00bb{}\u00a0\u00bb][et_pb_text admin_label=\u00a0\u00bbAKS grant\u00a0\u00bb _builder_version=\u00a0\u00bb4.27.6&Prime; _module_preset=\u00a0\u00bbdefault\u00a0\u00bb global_colors_info=\u00a0\u00bb{}\u00a0\u00bb]<\/p>\n<p>Ce travail a \u00e9t\u00e9 r\u00e9alis\u00e9 avec le soutien de la subvention 2025 de l\u2019Acad\u00e9mie des \u00e9tudes cor\u00e9ennes &#8211; <a href=\"https:\/\/www.aks.ac.kr\/ikorea\/com\/cmm\/EgovContentView.do?menuNo=3010160000&amp;lang=frn\" target=\"_blank\" rel=\"noopener\">D\u00e9veloppement de mat\u00e9riaux pour comprendre la Cor\u00e9e<\/a> &#8211; pour le d\u00e9veloppement de mat\u00e9riel et d\u2019activit\u00e9s p\u00e9dagogiques (25D020). Le Bureau des relations internationales vise \u00e0 am\u00e9liorer l\u2019information li\u00e9e \u00e0 la Cor\u00e9e dans les manuels scolaires partout dans le monde.<\/p>\n<p>[\/et_pb_text][\/et_pb_column][\/et_pb_row][et_pb_row _builder_version=\u00a0\u00bb4.19.1&Prime; _module_preset=\u00a0\u00bbdefault\u00a0\u00bb collapsed=\u00a0\u00bboff\u00a0\u00bb global_colors_info=\u00a0\u00bb{}\u00a0\u00bb][et_pb_column type=\u00a0\u00bb4_4&Prime; _builder_version=\u00a0\u00bb4.19.1&Prime; _module_preset=\u00a0\u00bbdefault\u00a0\u00bb global_colors_info=\u00a0\u00bb{}\u00a0\u00bb][et_pb_image src=\u00a0\u00bbhttps:\/\/ssencressc.ca\/wp-content\/uploads\/2026\/02\/Intro-Page-scaled.png\u00a0\u00bb title_text=\u00a0\u00bbIntro Page\u00a0\u00bb admin_label=\u00a0\u00bbImage of the IDM blueprint page 3&Prime; _builder_version=\u00a0\u00bb4.27.6&Prime; _module_preset=\u00a0\u00bbdefault\u00a0\u00bb global_colors_info=\u00a0\u00bb{}\u00a0\u00bb][\/et_pb_image][\/et_pb_column][\/et_pb_row][\/et_pb_section]<\/p>\n","protected":false},"excerpt":{"rendered":"<p>Les femmes cor\u00e9ennes : une enqu\u00eate historiqueCette enqu\u00eate am\u00e8ne les \u00e9l\u00e8ves \u00e0 examiner dans quelle mesure les femmestaient sujets ou actrices de leur destin durant trois p\u00e9riodes de l\u2019histoire de la Cor\u00e9e. Autrement dit, elle les invite \u00e0 se demander quel pouvoir d\u2019action ces femmes poss\u00e9daient et dans quelle mesure elles \u00e9taient plut\u00f4t soumises aux [&hellip;]<\/p>\n","protected":false},"author":14,"featured_media":0,"parent":0,"menu_order":0,"comment_status":"closed","ping_status":"closed","template":"","meta":{"_et_pb_use_builder":"on","_et_pb_old_content":"<p>[et_pb_section fb_built=\"1\" custom_padding_last_edited=\"on|desktop\" _builder_version=\"4.17.4\" background_enable_color=\"off\" background_image=\"https:\/\/ssencressc.ca\/wp-content\/uploads\/2022\/05\/banner_about.jpg\" background_position=\"top_center\" height=\"250px\" custom_padding=\"50px||50px||false|false\" custom_padding_tablet=\"0px||0px||true|false\" custom_padding_phone=\"0px||0px||true|false\" da_disable_devices=\"off|off|off\" global_colors_info=\"{}\" da_is_popup=\"off\" da_exit_intent=\"off\" da_has_close=\"on\" da_alt_close=\"off\" da_dark_close=\"off\" da_not_modal=\"on\" da_is_singular=\"off\" da_with_loader=\"off\" da_has_shadow=\"on\"][et_pb_row _builder_version=\"4.16\" background_size=\"initial\" background_position=\"top_left\" background_repeat=\"repeat\" global_colors_info=\"{}\"][et_pb_column type=\"4_4\" _builder_version=\"4.16\" custom_padding=\"|||\" global_colors_info=\"{}\" custom_padding__hover=\"|||\"][et_pb_text admin_label=\"Page Title\" _builder_version=\"4.21.0\" header_text_color=\"#FFFFFF\" header_font_size=\"60px\" header_2_text_color=\"#FFFFFF\" background_size=\"initial\" background_position=\"top_left\" background_repeat=\"repeat\" max_width=\"69%\" max_width_tablet=\"100%\" max_width_phone=\"100%\" max_width_last_edited=\"on|desktop\" header_font_size_tablet=\"50px\" header_font_size_phone=\"40px\" header_font_size_last_edited=\"on|phone\" global_colors_info=\"{}\"]<\/p><h1>Korean Women:<\/h1><h2>A Historical Inquiry<\/h2><p>[\/et_pb_text][\/et_pb_column][\/et_pb_row][\/et_pb_section][et_pb_section fb_built=\"1\" module_id=\"history\" _builder_version=\"4.21.0\" _module_preset=\"default\" custom_padding=\"0px||||false|false\" da_disable_devices=\"off|off|off\" global_colors_info=\"{}\" da_is_popup=\"off\" da_exit_intent=\"off\" da_has_close=\"on\" da_alt_close=\"off\" da_dark_close=\"off\" da_not_modal=\"on\" da_is_singular=\"off\" da_with_loader=\"off\" da_has_shadow=\"on\"][et_pb_row column_structure=\"1_2,1_2\" _builder_version=\"4.17.4\" _module_preset=\"default\" global_colors_info=\"{}\"][et_pb_column type=\"1_2\" _builder_version=\"4.17.4\" _module_preset=\"default\" global_colors_info=\"{}\"][et_pb_text admin_label=\"Intro\" _builder_version=\"4.27.5\" _module_preset=\"default\" custom_padding=\"||0px|||\" global_colors_info=\"{}\"]<\/p><p>This inquiry leads students through an investigation of the extent to which women in three time periods of Korea\u2019s history were subjects or actors. That is, how much agency did they have in their lives, or were they more subject to the social, economic and political forces of their time.<br \/>Students will take a position on the extent to which women in Korea\u2019s history were actors or subjects through three key time periods of Korea\u2019s history:<\/p><ul><li>\u00a0The Joseon period (1392 to 1876),<\/li><li>The late Joseon period and Japanese colonial rule (1876 to 1945) and then<\/li><li>Contemporary Korea (1945 to the present).<\/li><\/ul><p>Students will work with the sources to determine how much each particular woman was an active or passive participant in historical events, and then see if they can draw overall conclusions about a time period or a historical influence. This inquiry is designed for a senior secondary classroom and requires prerequisite knowledge of interpreting primary sources and examining multiple perspectives of historical actors.<\/p><p>[\/et_pb_text][et_pb_button url_new_window=\"on\" button_text=\"Get your PDF here!\" admin_label=\"PDF link\" _builder_version=\"4.27.5\" _module_preset=\"298818ca-968c-4517-afbd-a93024bb110c\" global_colors_info=\"{}\"][\/et_pb_button][et_pb_text admin_label=\"Curriculum links\" _builder_version=\"4.27.5\" _module_preset=\"default\" global_colors_info=\"{}\"]<\/p><p>This resource is designed to be used in senior World History courses. However it can also be used in other subject areas such as Geography, Social Sciences, Gender and Equity Studies, Sociology and Social Studies. It can be used as a whole over a few days, or questions and sources can be used independently where time is at a premium. We hope that it will inspire you and your students to learn more about Korea and to ask questions about the histories and roles of women in your own communities too.<\/p><p>[\/et_pb_text][\/et_pb_column][et_pb_column type=\"1_2\" _builder_version=\"4.17.4\" _module_preset=\"default\" global_colors_info=\"{}\"][et_pb_image src=\"https:\/\/ssencressc.ca\/wp-content\/uploads\/2026\/02\/Cover_Single-Pages_1-scaled.png\" title_text=\"Cover_Single Pages_1\" admin_label=\"Book cover\" _builder_version=\"4.27.5\" _module_preset=\"default\" module_alignment=\"left\" global_colors_info=\"{}\"][\/et_pb_image][\/et_pb_column][\/et_pb_row][et_pb_row column_structure=\"1_2,1_2\" _builder_version=\"4.27.5\" _module_preset=\"default\" global_colors_info=\"{}\"][et_pb_column type=\"1_2\" _builder_version=\"4.27.5\" _module_preset=\"default\" global_colors_info=\"{}\"][et_pb_text admin_label=\"IDM and Korean War promo\" _builder_version=\"4.27.5\" _module_preset=\"default\" global_colors_info=\"{}\"]<\/p><p>This inquiry used the Inquiry Design Model developed by<a href=\"https:\/\/c3teachers.org\/\"> C3 Teachers<\/a>. This is the same model used in the resource <a href=\"https:\/\/ssencressc.ca\/publications\/canadas-participation-in-the-korean-war\/\">Canada's Participation in the Korean War<\/a>.<\/p><p>[\/et_pb_text][\/et_pb_column][et_pb_column type=\"1_2\" _builder_version=\"4.27.5\" _module_preset=\"default\" global_colors_info=\"{}\"][et_pb_text admin_label=\"AKS grant\" _builder_version=\"4.27.5\" _module_preset=\"default\" global_colors_info=\"{}\"]<\/p><p>This work was supported by the 2025 Academy of Korean Studies <a href=\"https:\/\/www.aks.ac.kr\/ikorea\/com\/cmm\/EgovContentView.do?menuNo=3010150000&lang=eng\">Understanding Korea Grant for the Development of Educational Materials and Activities<\/a> (25D020). The AKS Center for International Affairs aims to improve Korea-related information in textbooks around the world.<\/p><p>[\/et_pb_text][\/et_pb_column][\/et_pb_row][et_pb_row _builder_version=\"4.19.1\" _module_preset=\"default\" collapsed=\"off\" global_colors_info=\"{}\"][et_pb_column type=\"4_4\" _builder_version=\"4.19.1\" _module_preset=\"default\" global_colors_info=\"{}\"][et_pb_image src=\"https:\/\/ssencressc.ca\/wp-content\/uploads\/2026\/02\/Rubric_EN-scaled.png\" title_text=\"Rubric_EN\" admin_label=\"Image of the IDM blueprint page 3\" _builder_version=\"4.27.5\" _module_preset=\"default\" hover_enabled=\"0\" global_colors_info=\"{}\" sticky_enabled=\"0\"][\/et_pb_image][\/et_pb_column][\/et_pb_row][\/et_pb_section]<\/p>","_et_gb_content_width":"","_monsterinsights_skip_tracking":false,"_monsterinsights_sitenote_active":false,"_monsterinsights_sitenote_note":"","_monsterinsights_sitenote_category":0,"footnotes":""},"class_list":["post-7729","page","type-page","status-publish","hentry"],"_links":{"self":[{"href":"https:\/\/ssencressc.ca\/fr\/wp-json\/wp\/v2\/pages\/7729","targetHints":{"allow":["GET"]}}],"collection":[{"href":"https:\/\/ssencressc.ca\/fr\/wp-json\/wp\/v2\/pages"}],"about":[{"href":"https:\/\/ssencressc.ca\/fr\/wp-json\/wp\/v2\/types\/page"}],"author":[{"embeddable":true,"href":"https:\/\/ssencressc.ca\/fr\/wp-json\/wp\/v2\/users\/14"}],"replies":[{"embeddable":true,"href":"https:\/\/ssencressc.ca\/fr\/wp-json\/wp\/v2\/comments?post=7729"}],"version-history":[{"count":5,"href":"https:\/\/ssencressc.ca\/fr\/wp-json\/wp\/v2\/pages\/7729\/revisions"}],"predecessor-version":[{"id":7756,"href":"https:\/\/ssencressc.ca\/fr\/wp-json\/wp\/v2\/pages\/7729\/revisions\/7756"}],"wp:attachment":[{"href":"https:\/\/ssencressc.ca\/fr\/wp-json\/wp\/v2\/media?parent=7729"}],"curies":[{"name":"wp","href":"https:\/\/api.w.org\/{rel}","templated":true}]}}